{"id":1253,"date":"2020-12-17T16:31:16","date_gmt":"2020-12-17T16:31:16","guid":{"rendered":"https:\/\/www.rcv-srl.it\/?page_id=1253"},"modified":"2021-01-04T15:49:56","modified_gmt":"2021-01-04T15:49:56","slug":"rotostatori","status":"publish","type":"page","link":"https:\/\/www.rcv-srl.it\/?page_id=1253","title":{"rendered":"Rotostatori"},"content":{"rendered":"<p><div class=\"fusion-fullwidth fullwidth-box fusion-builder-row-1 fusion-flex-container hundred-percent-fullwidth non-hundred-percent-height-scrolling\" style=\"--awb-border-radius-top-left:0px;--awb-border-radius-top-right:0px;--awb-border-radius-bottom-right:0px;--awb-border-radius-bottom-left:0px;--awb-background-color:#ee6c00;--awb-flex-wrap:wrap;\" ><div class=\"fusion-builder-row fusion-row fusion-flex-align-items-flex-start fusion-flex-content-wrap\" style=\"width:104% !important;max-width:104% !important;margin-left: calc(-4% \/ 2 );margin-right: calc(-4% \/ 2 );\"><div class=\"fusion-layout-column fusion_builder_column fusion-builder-column-0 fusion_builder_column_1_1 1_1 fusion-flex-column\" style=\"--awb-bg-size:cover;--awb-width-large:100%;--awb-margin-top-large:0px;--awb-spacing-right-large:1.92%;--awb-margin-bottom-large:20px;--awb-spacing-left-large:1.92%;--awb-width-medium:100%;--awb-order-medium:0;--awb-spacing-right-medium:1.92%;--awb-spacing-left-medium:1.92%;--awb-width-small:100%;--awb-order-small:0;--awb-spacing-right-small:1.92%;--awb-spacing-left-small:1.92%;\"><div class=\"fusion-column-wrapper fusion-column-has-shadow fusion-flex-justify-content-flex-start fusion-content-layout-column\"><\/div><\/div><\/div><\/div><div class=\"fusion-fullwidth fullwidth-box fusion-builder-row-2 fusion-flex-container nonhundred-percent-fullwidth non-hundred-percent-height-scrolling\" style=\"--awb-background-position:left top;--awb-border-sizes-top:0px;--awb-border-sizes-bottom:0px;--awb-border-sizes-left:0px;--awb-border-sizes-right:0px;--awb-border-radius-top-left:0px;--awb-border-radius-top-right:0px;--awb-border-radius-bottom-right:0px;--awb-border-radius-bottom-left:0px;--awb-padding-top:90px;--awb-padding-bottom:90px;--awb-padding-top-medium:72px;--awb-padding-bottom-medium:56px;--awb-background-color:#f5f5f5;--awb-flex-wrap:wrap;\" ><div class=\"fusion-builder-row fusion-row fusion-flex-align-items-stretch fusion-flex-content-wrap\" style=\"max-width:calc( 1170px + 0px );margin-left: calc(-0px \/ 2 );margin-right: calc(-0px \/ 2 );\"><div class=\"fusion-layout-column fusion_builder_column fusion-builder-column-1 fusion_builder_column_1_1 1_1 fusion-flex-column fusion-flex-align-self-flex-start fusion-column-no-min-height\" style=\"--awb-bg-size:cover;--awb-width-large:100%;--awb-margin-top-large:0px;--awb-spacing-right-large:0px;--awb-margin-bottom-large:0px;--awb-spacing-left-large:0px;--awb-width-medium:100%;--awb-spacing-right-medium:0px;--awb-spacing-left-medium:0px;--awb-width-small:100%;--awb-spacing-right-small:0px;--awb-spacing-left-small:0px;\"><div class=\"fusion-column-wrapper fusion-flex-justify-content-flex-start fusion-content-layout-column\"><div class=\"fusion-title title fusion-title-1 fusion-sep-none fusion-title-center fusion-title-text fusion-title-size-one\"><h1 class=\"fusion-title-heading title-heading-center\" style=\"margin:0;\"><h1>ROTOSTATORI BRUSHLESS A TRAFERRO RADIALE O ASSIALE<\/h1><\/h1><\/div><div class=\"fusion-separator\" style=\"align-self: center;margin-left: auto;margin-right: auto;margin-top:0px;margin-bottom:20px;width:100%;max-width:60px;\"><div class=\"fusion-separator-border sep-single sep-solid\" style=\"--awb-height:20px;--awb-amount:20px;--awb-sep-color:#ee6c00;border-color:#ee6c00;border-top-width:4px;\"><\/div><\/div><div class=\"fusion-separator fusion-full-width-sep\" style=\"align-self: center;margin-left: auto;margin-right: auto;margin-top:15px;margin-bottom:15px;width:100%;\"><\/div><\/div><\/div><div class=\"fusion-layout-column fusion_builder_column fusion-builder-column-2 fusion_builder_column_3_4 3_4 fusion-flex-column\" style=\"--awb-bg-size:cover;--awb-width-large:75%;--awb-margin-top-large:0px;--awb-spacing-right-large:0px;--awb-margin-bottom-large:20px;--awb-spacing-left-large:0px;--awb-width-medium:100%;--awb-order-medium:0;--awb-spacing-right-medium:0px;--awb-spacing-left-medium:0px;--awb-width-small:100%;--awb-order-small:0;--awb-spacing-right-small:0px;--awb-spacing-left-small:0px;\"><div class=\"fusion-column-wrapper fusion-column-has-shadow fusion-flex-justify-content-flex-start fusion-content-layout-column\"><div class=\"fusion-text fusion-text-1\"><p>Per soddisfare le numerose richieste di applicazioni personalizzate,\u00a0<strong>R.C.V.<\/strong>\u00a0\u00e8 disponibile a fornire l&#8217;intera serie di motori brushless (sia a traferro radiale tradizionale, sia a traferro assiale) anche in versione\u00a0<strong>rotostatore<\/strong>\u00a0non assemblato all&#8217;interno delle scocche standard.<\/p>\n<p>Questo tipo di applicazione \u00e8 molto diffuso tra i costruttori di macchine utensili, in quanto spesso esiste la necessit\u00e0 di motorizzare alcuni assi in spazi molto ridotti o di usufruire di parti macchina gi\u00e0 esistenti come involucro o supporto per il motore.<br \/>\nUlteriore vantaggio deriva dalla riduzione di costo conseguente al mancato raddoppio di componenti (tipo ripari e congegni di sicurezza, flangie di accoppiamento, connettori, sensori di posizionamento ecc.).<\/p>\n<p>Per applicazioni di questo tipo \u00e8 necessario contattare l&#8217;Uff. Tecnico<strong>\u00a0R.C.V.<\/strong>\u00a0che si prende cura di esaminare le necessit\u00e0 e concordare le modalit\u00e0 di applicazione. A fronte della richiesta viene redatto un documento con l&#8217;analisi di fattibilit\u00e0, al quale segue un progetto di massima con le quote funzionali da rispettare ed un prototipo esecutivo per approvazione.<\/p>\n<div>Per caratteristiche e dati elettrici riferirsi alle schede dei servomotori brushless standard (ULTRACT), per le dimensioni di ingombro consultare le tabelle tecniche a lato.<\/div>\n<p><strong>Note<\/strong><br \/>\n1.\u00a0<strong>per diametro int. MAX<\/strong>\u00a0si intende: la dimensione massima del foro passante realizzabile in ogni tipo di rotostatore per essere poi montato sull&#8217;albero di propriet\u00e0 del Cliente,<strong>\u00a0solo quando tale operazione \u00e8 effettuata direttamente da R.C.V.<\/strong>\u00a0&#8211; qualora venisse richiesto un gruppo rotore da assemblare autonomamente, tale quota si riduce in funzione del metodo di accoppiamento (interferenza, calettatore o altro) adottato per unire il rotore all&#8217;asse da comandare<br \/>\n2.\u00a0<strong>per coppia erogata si intende<\/strong>: Coppia nominale \u2013 Servizio S1 \u2013 Velocit\u00e0 0 \u2013 Dt 100\u00b0C \u2013 con rotostatore inserito in una scocca in grado di dissipare le sue perdite<br \/>\n3.\u00a0<strong>per attrazione magnetica si intende:<\/strong>\u00a0il carico assiale esercitato dai magneti rotorici verso il pacco statore, carico che deve essere considerato in fase di scelta dei cuscinetti<\/p>\n<\/div><div class=\"fusion-builder-row fusion-builder-row-inner fusion-row fusion-flex-align-items-stretch fusion-flex-content-wrap\" style=\"width:calc( 100% + 0px ) !important;max-width:calc( 100% + 0px ) !important;margin-left: calc(-0px \/ 2 );margin-right: calc(-0px \/ 2 );\"><div class=\"fusion-layout-column fusion_builder_column_inner fusion-builder-nested-column-0 fusion_builder_column_inner_1_3 1_3 fusion-flex-column\" style=\"--awb-bg-size:cover;--awb-width-large:33.333333333333%;--awb-margin-top-large:0px;--awb-spacing-right-large:0px;--awb-margin-bottom-large:20px;--awb-spacing-left-large:0px;--awb-width-medium:100%;--awb-order-medium:0;--awb-spacing-right-medium:0px;--awb-spacing-left-medium:0px;--awb-width-small:100%;--awb-order-small:0;--awb-spacing-right-small:0px;--awb-spacing-left-small:0px;\"><div class=\"fusion-column-wrapper fusion-column-has-shadow fusion-flex-justify-content-flex-start fusion-content-layout-column\"><div class=\"fusion-image-element \" style=\"text-align:left;--awb-caption-title-font-family:var(--h2_typography-font-family);--awb-caption-title-font-weight:var(--h2_typography-font-weight);--awb-caption-title-font-style:var(--h2_typography-font-style);--awb-caption-title-size:var(--h2_typography-font-size);--awb-caption-title-transform:var(--h2_typography-text-transform);--awb-caption-title-line-height:var(--h2_typography-line-height);--awb-caption-title-letter-spacing:var(--h2_typography-letter-spacing);\"><span class=\" fusion-imageframe imageframe-none imageframe-1 hover-type-none\"><img decoding=\"async\" width=\"260\" height=\"250\" src=\"https:\/\/www.rcv-srl.it\/wp-content\/uploads\/2020\/12\/rotostatori-rcv-3.jpg\" alt class=\"img-responsive wp-image-1257\" srcset=\"https:\/\/www.rcv-srl.it\/wp-content\/uploads\/2020\/12\/rotostatori-rcv-3-200x192.jpg 200w, https:\/\/www.rcv-srl.it\/wp-content\/uploads\/2020\/12\/rotostatori-rcv-3.jpg 260w\" sizes=\"(max-width: 1024px) 100vw, (max-width: 850px) 100vw, 260px\" \/><\/span><\/div><\/div><\/div><div class=\"fusion-layout-column fusion_builder_column_inner fusion-builder-nested-column-1 fusion_builder_column_inner_1_3 1_3 fusion-flex-column\" style=\"--awb-bg-size:cover;--awb-width-large:33.333333333333%;--awb-margin-top-large:0px;--awb-spacing-right-large:0px;--awb-margin-bottom-large:20px;--awb-spacing-left-large:0px;--awb-width-medium:100%;--awb-order-medium:0;--awb-spacing-right-medium:0px;--awb-spacing-left-medium:0px;--awb-width-small:100%;--awb-order-small:0;--awb-spacing-right-small:0px;--awb-spacing-left-small:0px;\"><div class=\"fusion-column-wrapper fusion-column-has-shadow fusion-flex-justify-content-flex-start fusion-content-layout-column\"><div class=\"fusion-image-element \" style=\"text-align:left;--awb-caption-title-font-family:var(--h2_typography-font-family);--awb-caption-title-font-weight:var(--h2_typography-font-weight);--awb-caption-title-font-style:var(--h2_typography-font-style);--awb-caption-title-size:var(--h2_typography-font-size);--awb-caption-title-transform:var(--h2_typography-text-transform);--awb-caption-title-line-height:var(--h2_typography-line-height);--awb-caption-title-letter-spacing:var(--h2_typography-letter-spacing);\"><span class=\" fusion-imageframe imageframe-none imageframe-2 hover-type-none\"><img decoding=\"async\" width=\"260\" height=\"250\" src=\"https:\/\/www.rcv-srl.it\/wp-content\/uploads\/2020\/12\/rotostatori-rcv-1.jpg\" alt class=\"img-responsive wp-image-1254\" srcset=\"https:\/\/www.rcv-srl.it\/wp-content\/uploads\/2020\/12\/rotostatori-rcv-1-200x192.jpg 200w, https:\/\/www.rcv-srl.it\/wp-content\/uploads\/2020\/12\/rotostatori-rcv-1.jpg 260w\" sizes=\"(max-width: 1024px) 100vw, (max-width: 850px) 100vw, 260px\" \/><\/span><\/div><\/div><\/div><div class=\"fusion-layout-column fusion_builder_column_inner fusion-builder-nested-column-2 fusion_builder_column_inner_1_3 1_3 fusion-flex-column\" style=\"--awb-bg-size:cover;--awb-width-large:33.333333333333%;--awb-margin-top-large:0px;--awb-spacing-right-large:0px;--awb-margin-bottom-large:20px;--awb-spacing-left-large:0px;--awb-width-medium:100%;--awb-order-medium:0;--awb-spacing-right-medium:0px;--awb-spacing-left-medium:0px;--awb-width-small:100%;--awb-order-small:0;--awb-spacing-right-small:0px;--awb-spacing-left-small:0px;\"><div class=\"fusion-column-wrapper fusion-column-has-shadow fusion-flex-justify-content-flex-start fusion-content-layout-column\"><div class=\"fusion-image-element \" style=\"text-align:left;--awb-caption-title-font-family:var(--h2_typography-font-family);--awb-caption-title-font-weight:var(--h2_typography-font-weight);--awb-caption-title-font-style:var(--h2_typography-font-style);--awb-caption-title-size:var(--h2_typography-font-size);--awb-caption-title-transform:var(--h2_typography-text-transform);--awb-caption-title-line-height:var(--h2_typography-line-height);--awb-caption-title-letter-spacing:var(--h2_typography-letter-spacing);\"><span class=\" fusion-imageframe imageframe-none imageframe-3 hover-type-none\"><img decoding=\"async\" width=\"260\" height=\"250\" src=\"https:\/\/www.rcv-srl.it\/wp-content\/uploads\/2020\/12\/rotostatori-rcv-2.jpg\" alt class=\"img-responsive wp-image-1255\" srcset=\"https:\/\/www.rcv-srl.it\/wp-content\/uploads\/2020\/12\/rotostatori-rcv-2-200x192.jpg 200w, https:\/\/www.rcv-srl.it\/wp-content\/uploads\/2020\/12\/rotostatori-rcv-2.jpg 260w\" sizes=\"(max-width: 1024px) 100vw, (max-width: 850px) 100vw, 260px\" \/><\/span><\/div><\/div><\/div><\/div><\/div><\/div><div class=\"fusion-layout-column fusion_builder_column fusion-builder-column-3 fusion_builder_column_1_4 1_4 fusion-flex-column\" style=\"--awb-bg-color:#ffffff;--awb-bg-color-hover:#ffffff;--awb-bg-size:cover;--awb-width-large:25%;--awb-margin-top-large:0px;--awb-spacing-right-large:0px;--awb-margin-bottom-large:20px;--awb-spacing-left-large:0px;--awb-width-medium:100%;--awb-order-medium:0;--awb-spacing-right-medium:0px;--awb-spacing-left-medium:0px;--awb-width-small:100%;--awb-order-small:0;--awb-spacing-right-small:0px;--awb-spacing-left-small:0px;\"><div class=\"fusion-column-wrapper fusion-column-has-shadow fusion-flex-justify-content-flex-start fusion-content-layout-column\"><div class=\"fusion-separator fusion-full-width-sep\" style=\"align-self: center;margin-left: auto;margin-right: auto;margin-top:15px;margin-bottom:15px;width:100%;\"><\/div><div class=\"fusion-title title fusion-title-2 fusion-sep-none fusion-title-center fusion-title-text fusion-title-size-one\"><h1 class=\"fusion-title-heading title-heading-center\" style=\"margin:0;\"><h2 style=\"text-align: center;\"><span style=\"color: #ee6c00;\">ROTOSTATORI<\/span><\/h2>\n<h3 style=\"text-align: center;\"><strong>SCHEDE TECNICHE<\/strong><\/h3><\/h1><\/div><div class=\"fusion-separator\" style=\"align-self: center;margin-left: auto;margin-right: auto;margin-top:0px;margin-bottom:20px;width:100%;max-width:60px;\"><div class=\"fusion-separator-border sep-single sep-solid\" style=\"--awb-height:20px;--awb-amount:20px;--awb-sep-color:#ee6c00;border-color:#ee6c00;border-top-width:4px;\"><\/div><\/div><div class=\"fusion-text fusion-text-2\" style=\"--awb-content-alignment:center;\"><div><a href=\"https:\/\/www.rcv-srl.it\/wp-content\/uploads\/2021\/01\/Tabella_rotostatori_RS02.pdf\" target=\"_blank\" rel=\"noopener\"><img decoding=\"async\" src=\"https:\/\/www.rcv-srl.it\/wp-content\/uploads\/2021\/01\/pdf.png\" alt=\"pdf\" width=\"30\" height=\"30\" \/>Tabella tecnica rotostatori brushless a traferro radiale RS02<\/a><\/div>\n<div><span style=\"color: #999999;\">&#8212;&#8212;&#8212;&#8212;&#8212;&#8212;&#8212;&#8212;&#8212;&#8212;&#8212;&#8212;&#8212;&#8212;&#8212;&#8212;&#8212;&#8212;<\/span><\/div>\n<div><a href=\"https:\/\/www.rcv-srl.it\/wp-content\/uploads\/2021\/01\/Tabella_RS04.pdf\" target=\"_blank\" rel=\"noopener\"><img decoding=\"async\" src=\"https:\/\/www.rcv-srl.it\/wp-content\/uploads\/2021\/01\/pdf.png\" alt=\"pdf\" width=\"30\" height=\"30\" \/>Tabella tecnica rotostatori brushless a traferro radiale RS04<\/a><\/div>\n<div><span style=\"color: #999999;\">&#8212;&#8212;&#8212;&#8212;&#8212;&#8212;&#8212;&#8212;&#8212;&#8212;&#8212;&#8212;&#8212;&#8212;&#8212;&#8212;&#8212;&#8212;<\/span><\/div>\n<div><a href=\"https:\/\/www.rcv-srl.it\/wp-content\/uploads\/2021\/01\/Tabella_RS05.pdf\" target=\"_blank\" rel=\"noopener\"><img decoding=\"async\" src=\"https:\/\/www.rcv-srl.it\/wp-content\/uploads\/2021\/01\/pdf.png\" alt=\"pdf\" width=\"30\" height=\"30\" \/>Tabella tecnica rotostatori brushless a traferro radiale RS05<\/a><\/div>\n<div><span style=\"color: #999999;\">&#8212;&#8212;&#8212;&#8212;&#8212;&#8212;&#8212;&#8212;&#8212;&#8212;&#8212;&#8212;&#8212;&#8212;&#8212;&#8212;&#8212;&#8212;<\/span><\/div>\n<div>\n<div><a href=\"https:\/\/www.rcv-srl.it\/wp-content\/uploads\/2021\/01\/Tabella_RS07.pdf\" target=\"_blank\" rel=\"noopener\"><img decoding=\"async\" src=\"https:\/\/www.rcv-srl.it\/wp-content\/uploads\/2021\/01\/pdf.png\" alt=\"pdf\" width=\"30\" height=\"30\" \/>Tabella tecnica rotostatori brushless a traferro radiale RS07<\/a><\/div>\n<div><span style=\"color: #999999;\">&#8212;&#8212;&#8212;&#8212;&#8212;&#8212;&#8212;&#8212;&#8212;&#8212;&#8212;&#8212;&#8212;&#8212;&#8212;&#8212;&#8212;&#8212;<\/span><\/div>\n<div><a href=\"https:\/\/www.rcv-srl.it\/wp-content\/uploads\/2021\/01\/Tabella_RS10.pdf\" target=\"_blank\" rel=\"noopener\"><img decoding=\"async\" src=\"https:\/\/www.rcv-srl.it\/wp-content\/uploads\/2021\/01\/pdf.png\" alt=\"pdf\" width=\"30\" height=\"30\" \/>Tabella tecnica rotostatori brushless a traferro radiale RS10<\/a><\/div>\n<div><span style=\"color: #999999;\">&#8212;&#8212;&#8212;&#8212;&#8212;&#8212;&#8212;&#8212;&#8212;&#8212;&#8212;&#8212;&#8212;&#8212;&#8212;&#8212;&#8212;&#8212;<\/span><\/div>\n<div><a href=\"https:\/\/www.rcv-srl.it\/wp-content\/uploads\/2021\/01\/Tabella_RS13.pdf\" target=\"_blank\" rel=\"noopener\"><img decoding=\"async\" src=\"https:\/\/www.rcv-srl.it\/wp-content\/uploads\/2021\/01\/pdf.png\" alt=\"pdf\" width=\"30\" height=\"30\" \/>Tabella tecnica rotostatori brushless a traferro radiale RS13<\/a><\/div>\n<div><span style=\"color: #999999;\">&#8212;&#8212;&#8212;&#8212;&#8212;&#8212;&#8212;&#8212;&#8212;&#8212;&#8212;&#8212;&#8212;&#8212;&#8212;&#8212;&#8212;&#8212;<\/span><\/div>\n<div><a href=\"https:\/\/www.rcv-srl.it\/wp-content\/uploads\/2021\/01\/Tabella_rotostatori_RSLY.pdf\" target=\"_blank\" rel=\"noopener\"><img decoding=\"async\" src=\"https:\/\/www.rcv-srl.it\/wp-content\/uploads\/2021\/01\/pdf.png\" alt=\"pdf\" width=\"30\" height=\"30\" \/>Tabella tecnica rotostatori brushless a traferro radiale RSLY<\/a><\/div>\n<\/div>\n<div><span style=\"color: #999999;\">&#8212;&#8212;&#8212;&#8212;&#8212;&#8212;&#8212;&#8212;&#8212;&#8212;&#8212;&#8212;&#8212;&#8212;&#8212;&#8212;&#8212;&#8212;<\/span><\/div>\n<\/div><\/div><\/div><\/div><\/div><div class=\"fusion-fullwidth fullwidth-box fusion-builder-row-3 fusion-flex-container nonhundred-percent-fullwidth non-hundred-percent-height-scrolling\" style=\"--awb-background-position:left top;--awb-border-sizes-top:0px;--awb-border-sizes-bottom:0px;--awb-border-sizes-left:0px;--awb-border-sizes-right:0px;--awb-border-radius-top-left:0px;--awb-border-radius-top-right:0px;--awb-border-radius-bottom-right:0px;--awb-border-radius-bottom-left:0px;--awb-padding-top:72px;--awb-padding-bottom:52px;--awb-background-color:#929799;--awb-flex-wrap:wrap;\" ><div class=\"fusion-builder-row fusion-row fusion-flex-align-items-stretch fusion-flex-content-wrap\" style=\"max-width:1216.8px;margin-left: calc(-4% \/ 2 );margin-right: calc(-4% \/ 2 );\"><div class=\"fusion-layout-column fusion_builder_column fusion-builder-column-4 fusion_builder_column_3_4 3_4 fusion-flex-column\" style=\"--awb-bg-size:cover;--awb-width-large:75%;--awb-margin-top-large:0px;--awb-spacing-right-large:3.84%;--awb-margin-bottom-large:20px;--awb-spacing-left-large:2.56%;--awb-width-medium:100%;--awb-spacing-right-medium:1.92%;--awb-spacing-left-medium:1.92%;--awb-width-small:100%;--awb-spacing-right-small:1.92%;--awb-spacing-left-small:1.92%;\"><div class=\"fusion-column-wrapper fusion-flex-justify-content-flex-start fusion-content-layout-column\"><div class=\"fusion-separator fusion-full-width-sep\" style=\"align-self: center;margin-left: auto;margin-right: auto;margin-top:10px;width:100%;\"><\/div><div class=\"fusion-title title fusion-title-3 fusion-sep-none fusion-title-center fusion-title-text fusion-title-size-two\" style=\"--awb-text-color:#ffffff;\"><h2 class=\"fusion-title-heading title-heading-center\" style=\"margin:0;\">HAI BISOGNO DI INFORMAZIONI ?<\/h2><\/div><\/div><\/div><div class=\"fusion-layout-column fusion_builder_column fusion-builder-column-5 fusion_builder_column_1_4 1_4 fusion-flex-column\" style=\"--awb-bg-size:cover;--awb-width-large:25%;--awb-margin-top-large:0px;--awb-spacing-right-large:7.68%;--awb-margin-bottom-large:20px;--awb-spacing-left-large:3.84%;--awb-width-medium:100%;--awb-spacing-right-medium:1.92%;--awb-spacing-left-medium:1.92%;--awb-width-small:100%;--awb-spacing-right-small:1.92%;--awb-spacing-left-small:1.92%;\"><div class=\"fusion-column-wrapper fusion-flex-justify-content-flex-start fusion-content-layout-column\"><div style=\"text-align:left;\"><a class=\"fusion-button button-flat button-xlarge button-custom fusion-button-default button-1 fusion-button-default-span \" style=\"--button_accent_color:#ffffff;--button_accent_hover_color:#ffffff;--button_border_hover_color:#ffffff;--button_border_width-top:0px;--button_border_width-right:0px;--button_border_width-bottom:0px;--button_border_width-left:0px;--button_gradient_top_color:#ed6a00;--button_gradient_bottom_color:#ed6a00;--button_gradient_top_color_hover:#ed8f42;--button_gradient_bottom_color_hover:#ed8f42;\" target=\"_self\" href=\"#\" data-toggle=\"modal\" data-target=\".fusion-modal.expert\"><span class=\"fusion-button-text\">CONTATTACI<\/span><\/a><\/div><\/div><\/div><\/div><\/div><div class=\"fusion-bg-parallax\" data-bg-align=\"center center\" data-direction=\"up\" data-mute=\"false\" data-opacity=\"100\" data-velocity=\"-0.5\" data-mobile-enabled=\"false\" data-break_parents=\"0\" data-bg-image=\"https:\/\/www.rcv-srl.it\/wp-content\/uploads\/2015\/02\/where-we-work-parallax.jpg\" data-bg-repeat=\"false\" ><\/div><div class=\"fusion-fullwidth fullwidth-box fusion-builder-row-4 fusion-flex-container fusion-parallax-up nonhundred-percent-fullwidth non-hundred-percent-height-scrolling\" style=\"--awb-border-sizes-top:0px;--awb-border-sizes-bottom:0px;--awb-border-sizes-left:0px;--awb-border-sizes-right:0px;--awb-border-radius-top-left:0px;--awb-border-radius-top-right:0px;--awb-border-radius-bottom-right:0px;--awb-border-radius-bottom-left:0px;--awb-padding-top:150px;--awb-padding-bottom:160px;--awb-background-image:url(&quot;https:\/\/www.rcv-srl.it\/wp-content\/uploads\/2015\/02\/where-we-work-parallax.jpg&quot;);--awb-background-size:cover;--awb-flex-wrap:wrap;\" ><div class=\"fusion-builder-row fusion-row fusion-flex-align-items-flex-start fusion-flex-justify-content-center fusion-flex-content-wrap\" style=\"max-width:1216.8px;margin-left: calc(-4% \/ 2 );margin-right: calc(-4% \/ 2 );\"><div class=\"fusion-layout-column fusion_builder_column fusion-builder-column-6 fusion_builder_column_1_1 1_1 fusion-flex-column fusion-flex-align-self-flex-start fusion-column-no-min-height\" style=\"--awb-bg-size:cover;--awb-width-large:100%;--awb-margin-top-large:0px;--awb-spacing-right-large:1.92%;--awb-margin-bottom-large:0px;--awb-spacing-left-large:1.92%;--awb-width-medium:100%;--awb-spacing-right-medium:1.92%;--awb-spacing-left-medium:1.92%;--awb-width-small:100%;--awb-spacing-right-small:1.92%;--awb-spacing-left-small:1.92%;\"><div class=\"fusion-column-wrapper fusion-flex-justify-content-flex-start fusion-content-layout-column\"><div class=\"fusion-title title fusion-title-4 fusion-sep-none fusion-title-center fusion-title-text fusion-title-size-two\" style=\"--awb-text-color:#ffffff;--awb-margin-bottom:30px;--awb-margin-bottom-small:30px;\"><h2 class=\"fusion-title-heading title-heading-center\" style=\"margin:0;\">COME RAGGIUNGERCI<\/h2><\/div><div class=\"fusion-separator\" style=\"align-self: center;margin-left: auto;margin-right: auto;margin-top:10px;margin-bottom:30px;width:100%;max-width:170px;\"><div class=\"fusion-separator-border sep-single sep-solid\" style=\"--awb-height:20px;--awb-amount:20px;--awb-sep-color:#ed6a00;border-color:#ed6a00;border-top-width:1px;\"><\/div><\/div><\/div><\/div><div class=\"fusion-layout-column fusion_builder_column fusion-builder-column-7 fusion_builder_column_1_1 1_1 fusion-flex-column\" style=\"--awb-bg-size:cover;--awb-width-large:100%;--awb-margin-top-large:0px;--awb-spacing-right-large:1.92%;--awb-margin-bottom-large:20px;--awb-spacing-left-large:1.92%;--awb-width-medium:100%;--awb-order-medium:0;--awb-spacing-right-medium:1.92%;--awb-spacing-left-medium:1.92%;--awb-width-small:100%;--awb-order-small:0;--awb-spacing-right-small:1.92%;--awb-spacing-left-small:1.92%;\"><div class=\"fusion-column-wrapper fusion-column-has-shadow fusion-flex-justify-content-flex-start fusion-content-layout-column\"><div class=\"fusion-text fusion-text-3\"><p style=\"text-align: center; color: #ffffff; font-weight: 400;\">a RobassomeroLa R.C.V. ha sede nella zona industriale di Robassomero, comune della seconda cintura di Torino.<\/p>\n<p style=\"text-align: center; color: #ffffff; font-weight: 400;\">Arrivando dalle autostrade di Aosta (A5) e di Milano (A4) occorre imboccare la tangenziale di Torino in direzione sud, arrivando dal Frejus (A32), da Piacenza (A21) o da Savona (A6) occorre dirigersi verso nord.<\/p>\n<p style=\"text-align: center; color: #ffffff; font-weight: 400;\">Uscire a &#8220;Venaria &#8211; stadio&#8221; e svoltare al semaforo a sinistra, direzione Lanzo.<\/p>\n<p style=\"text-align: center; color: #ffffff; font-weight: 400;\">Attraversare l&#8217;abitato di Venaria e percorrere la S.P. N\u00b0 1 per circa 8 km, si costeggia il muro perimetrale del Parco Regionale della Mandria, fino al semaforo della zona industriale di Robassomero.<\/p>\n<p style=\"text-align: center; color: #ffffff; font-weight: 400;\">Svoltare a destra, quindi alla prima via nuovamente a destra, questa \u00e8 v. Cavour.<\/p>\n<\/div><\/div><\/div><\/div><\/div><\/p>\n","protected":false},"excerpt":{"rendered":"","protected":false},"author":1,"featured_media":0,"parent":0,"menu_order":0,"comment_status":"closed","ping_status":"closed","template":"100-width.php","meta":{"footnotes":""},"class_list":["post-1253","page","type-page","status-publish","hentry"],"_links":{"self":[{"href":"https:\/\/www.rcv-srl.it\/index.php?rest_route=\/wp\/v2\/pages\/1253","targetHints":{"allow":["GET"]}}],"collection":[{"href":"https:\/\/www.rcv-srl.it\/index.php?rest_route=\/wp\/v2\/pages"}],"about":[{"href":"https:\/\/www.rcv-srl.it\/index.php?rest_route=\/wp\/v2\/types\/page"}],"author":[{"embeddable":true,"href":"https:\/\/www.rcv-srl.it\/index.php?rest_route=\/wp\/v2\/users\/1"}],"replies":[{"embeddable":true,"href":"https:\/\/www.rcv-srl.it\/index.php?rest_route=%2Fwp%2Fv2%2Fcomments&post=1253"}],"version-history":[{"count":12,"href":"https:\/\/www.rcv-srl.it\/index.php?rest_route=\/wp\/v2\/pages\/1253\/revisions"}],"predecessor-version":[{"id":1454,"href":"https:\/\/www.rcv-srl.it\/index.php?rest_route=\/wp\/v2\/pages\/1253\/revisions\/1454"}],"wp:attachment":[{"href":"https:\/\/www.rcv-srl.it\/index.php?rest_route=%2Fwp%2Fv2%2Fmedia&parent=1253"}],"curies":[{"name":"wp","href":"https:\/\/api.w.org\/{rel}","templated":true}]}}