{"id":1328,"date":"2021-01-04T11:43:10","date_gmt":"2021-01-04T11:43:10","guid":{"rendered":"https:\/\/www.rcv-srl.it\/?page_id=1328"},"modified":"2021-01-04T11:45:23","modified_gmt":"2021-01-04T11:45:23","slug":"conformita-motori","status":"publish","type":"page","link":"https:\/\/www.rcv-srl.it\/?page_id=1328","title":{"rendered":"Conformit\u00e0 Motori"},"content":{"rendered":"<p><div class=\"fusion-fullwidth fullwidth-box fusion-builder-row-1 fusion-flex-container hundred-percent-fullwidth non-hundred-percent-height-scrolling\" style=\"--awb-border-radius-top-left:0px;--awb-border-radius-top-right:0px;--awb-border-radius-bottom-right:0px;--awb-border-radius-bottom-left:0px;--awb-background-color:#ee6c00;--awb-flex-wrap:wrap;\" ><div class=\"fusion-builder-row fusion-row fusion-flex-align-items-flex-start fusion-flex-content-wrap\" style=\"width:104% !important;max-width:104% !important;margin-left: calc(-4% \/ 2 );margin-right: calc(-4% \/ 2 );\"><div class=\"fusion-layout-column fusion_builder_column fusion-builder-column-0 fusion_builder_column_1_1 1_1 fusion-flex-column\" style=\"--awb-bg-size:cover;--awb-width-large:100%;--awb-margin-top-large:0px;--awb-spacing-right-large:1.92%;--awb-margin-bottom-large:20px;--awb-spacing-left-large:1.92%;--awb-width-medium:100%;--awb-order-medium:0;--awb-spacing-right-medium:1.92%;--awb-spacing-left-medium:1.92%;--awb-width-small:100%;--awb-order-small:0;--awb-spacing-right-small:1.92%;--awb-spacing-left-small:1.92%;\"><div class=\"fusion-column-wrapper fusion-column-has-shadow fusion-flex-justify-content-flex-start fusion-content-layout-column\"><\/div><\/div><\/div><\/div><div class=\"fusion-fullwidth fullwidth-box fusion-builder-row-2 fusion-flex-container nonhundred-percent-fullwidth non-hundred-percent-height-scrolling\" style=\"--awb-background-position:left top;--awb-border-sizes-top:0px;--awb-border-sizes-bottom:0px;--awb-border-sizes-left:0px;--awb-border-sizes-right:0px;--awb-border-radius-top-left:0px;--awb-border-radius-top-right:0px;--awb-border-radius-bottom-right:0px;--awb-border-radius-bottom-left:0px;--awb-padding-top:90px;--awb-padding-bottom:90px;--awb-padding-top-medium:72px;--awb-padding-bottom-medium:56px;--awb-background-color:#f5f5f5;--awb-flex-wrap:wrap;\" ><div class=\"fusion-builder-row fusion-row fusion-flex-align-items-stretch fusion-flex-content-wrap\" style=\"max-width:calc( 1170px + 0px );margin-left: calc(-0px \/ 2 );margin-right: calc(-0px \/ 2 );\"><div class=\"fusion-layout-column fusion_builder_column fusion-builder-column-1 fusion_builder_column_1_1 1_1 fusion-flex-column fusion-flex-align-self-flex-start fusion-column-no-min-height\" style=\"--awb-bg-size:cover;--awb-width-large:100%;--awb-margin-top-large:0px;--awb-spacing-right-large:0px;--awb-margin-bottom-large:0px;--awb-spacing-left-large:0px;--awb-width-medium:100%;--awb-spacing-right-medium:0px;--awb-spacing-left-medium:0px;--awb-width-small:100%;--awb-spacing-right-small:0px;--awb-spacing-left-small:0px;\"><div class=\"fusion-column-wrapper fusion-flex-justify-content-flex-start fusion-content-layout-column\"><div class=\"fusion-title title fusion-title-1 fusion-sep-none fusion-title-center fusion-title-text fusion-title-size-one\"><h1 class=\"fusion-title-heading title-heading-center\" style=\"margin:0;\"><h1>CONFORMIT\u00c0 MOTORI<\/h1><\/h1><\/div><div class=\"fusion-separator\" style=\"align-self: center;margin-left: auto;margin-right: auto;margin-top:0px;margin-bottom:20px;width:100%;max-width:60px;\"><div class=\"fusion-separator-border sep-single sep-solid\" style=\"--awb-height:20px;--awb-amount:20px;--awb-sep-color:#ee6c00;border-color:#ee6c00;border-top-width:4px;\"><\/div><\/div><div class=\"fusion-title title fusion-title-2 fusion-sep-none fusion-title-center fusion-title-text fusion-title-size-one\"><h1 class=\"fusion-title-heading title-heading-center\" style=\"margin:0;\"><h2>DICHIARAZIONE DEL FABBRICANTE RACCOMANDAZIONI DI INSTALLAZIONE<\/h2><\/h1><\/div><div class=\"fusion-text fusion-text-1\"><p>Prescrizioni, raccomandazioni e dichiarazioni del fabbricante per la conformit\u00e0 alle Direttive CE riguardanti i servomotori a velocit\u00e0 variabile.<\/p>\n<p>&#8211; Dichiarazione di conformit\u00e0 per la direttiva LVD.<\/p>\n<p>&#8211; Riciclaggio: tutti gli imballi dei motori ed il nastro di imballaggio sono biodegradabili.<\/p>\n<p><strong>NOTE GENERALI: LE DIRETTIVE CE<\/strong><\/p>\n<p>Le direttive CE sono raccomandazioni di costruzione che hanno lo scopo di garantire una comune qualit\u00e0, utilizzabilit\u00e0 e sicurezza ai beni prodotti e commercializzati nella Comunit\u00e0 Europea. Le Direttive esprimono degli indirizzi di massima per le caratteristiche tecniche, e per le relative certificazioni, dei prodotti industriali, e saranno progressivamente tradotte in leggi in tutti gli stati della Comunit\u00e0 Europea. La certificaZione prodotta in qualunque stato della Comunit\u00e0 Europea ha quindi valore in ogni altro stato. Dato il carattere generale delle Direttive, la loro applicazione tecnica \u00e8 dettagliata da appropriate normative armonizzate (EN) in corso di preparazione.<\/p>\n<p>La conformit\u00e0 di un prodotto o componente alle direttive CE \u00e8 certificata dall&#8217;apposizione del marchio CE sul prodotto. Il prodotto marchiato CE ha quindi libero accesso in tutti gli stati della Comunit\u00e0. Poich\u00e9 la maggioranza delle Direttive non richiede l&#8217;emissione di un certificato di conformit\u00e0, non \u00e8 necessariamente evidente all&#8217;utente quale direttiva sia applicata ad ogni prodotto che porta il marchio CE.<\/p>\n<p>Per quanto riguarda gli azionamenti brushless, od i motori brushless, che sono componenti di sistemi di azionamento, la sola direttiva che considera tali prodotti come componenti \u00e8 la LVD (Low Voltage Directive).Per questo motivo, il marchio CE riportato sui motori ULTRACT fa riferimento alla LVD.<\/p>\n<p>Per quanto riguarda la direttiva EMCD, non esistono normative specifiche riguardanti i componenti dei sistemi di azionamento, in quanto l&#8217;emissione complessiva generata da una macchina non \u00e8 direttamente correlabile a quanto originato in ogni singolo componente. Al fine di assistere gli integratori di sistemi, i motori ULTRACT, accoppiati con gli azionamenti AX4, sono stati messi a punto e verificati su di un sistema di riferimento, descritto nella documentazione degli azionamenti (vedi), la cui conformit\u00e0 alle rilevanti normative a livello sistema \u00e8 stato verificato ed \u00e8 garantito.<\/p>\n<p><strong>DIRETTIVA LVD<\/strong><\/p>\n<p>La direttiva LVD si applica a tutte le apparecchiature elettriche operanti tra i 50 ed i 1.000 V AC ed i 75 e 1.500 V DC in ambienti non soggetti a particolari condizioni. La direttiva non si riferisce ad applicazioni in atmosfere particolari e\/o apparecchiature antideflagranti; la direttiva inoltre non si applica ad attrezzature di sollevamento. Lo scopo generale della direttiva \u00e8 di garantire un livello uniforme di sicurezza elettrica dal punto di vista del rischio utente e del possibile danno alle cose; la direttiva richiede che il prodotto venga documentato dal punto di vista della sicurezza e delle prescrizioni applicative.<\/p>\n<p><strong>SICUREZZA DEL PRODOTTO<\/strong><\/p>\n<p>Il trasporto, l&#8217;installazione e l&#8217;uso degli azionamenti \u00e8 riservato a personale appositamente qualificato (IEC 60364). L&#8217;apertura delle protezioni dei motori, ovvero una installazione difettosa, possono causare danni alle persone od agli impianti. I motori possono avere parti interne rotanti, calde e sotto tensione; questo pu\u00f2 avvenire anche a rete di alimentazione staccata.<\/p>\n<p>I motori impiegano magneti permanenti ad alto prodotto di energia. Non smontare il rotore senza aver preso le opportune precauzioni.<\/p>\n<p><strong>PRESCRIZIONI APPLICATIVE<\/strong><\/p>\n<p>I motori prodotti da R.C.V. sono conformi alla Direttiva LVD 73\/23\/CEE. Nell&#8217;installazione, rispettare i dati riportati nella documentazione allegata al prodotto. L&#8217;integratore di sistema potr\u00e0 mettere in servizio gli azionamenti solo dopo aver verificato che l&#8217;intero sistema sia conforme alla direttiva EMCD 89\/336\/CEE &#8211; direttiva macchine 98\/37\/CEE.<\/p>\n<p><strong>INSTALLAZIONE<\/strong><\/p>\n<p>Verificare la conformit\u00e0 alle prescrizioni di montaggio e raffreddamento. Verificare che i motori non presentino danni causati dal trasporto che possano ridurre la sicurezza elettrica. Durante il funzionamento sotto tensione, rispettare le prescrizioni nazionali di prevenzione infortuni.<\/p>\n<p>Verificare la corretta scelta di sezioni ed isolamenti dei cablaggi in funzione della vigente normativa.<\/p>\n<p>Se si utilizzano interruttori di protezione differenziali, tenere presente che, poich\u00e9 generalmente l&#8217;azionamento utilizza un ponte di ingresso in corrente continua, \u00e8 possibile un guasto con assorbimento in CC, che pu\u00f2 paralizzare un differenziale elettromeccanico convenzionale. E&#8217; quindi pi\u00f9 sicuro utilizzare differenziali sensibili anche a dispersioni in CC o universali. Poich\u00e9 inoltre i condensatori utilizzati all&#8217;interno dei filtri RFI degli azionamenti causano correnti di dispersione verso massa, tali correnti devono essere valutate nel dimensionamento degli interruttori.<\/p>\n<p><strong>N.B<\/strong>. &#8211;<em>\u00a0Quando i cavi di potenza fra azionamento e motore sono di lunghezza superiore ai 20 metri, devono essere applicate le opportune induttanze di valore 1 mH. Indipendentemente dall&#8217;apposizione del marchio CE sui motori, la conformit\u00e0 del sistema azionato alla normativa EMC \u00e8 responsabilit\u00e0 dell&#8217;integratore di sistema. Informazioni e raccomandazioni di filtraggio e di cablaggio, utili ad ottenere tale conformit\u00e0, sono contenute nella documentazione degli azionamenti.<\/em><\/p>\n<\/div><\/div><\/div><\/div><\/div><div class=\"fusion-fullwidth fullwidth-box fusion-builder-row-3 fusion-flex-container nonhundred-percent-fullwidth non-hundred-percent-height-scrolling\" style=\"--awb-border-radius-top-left:0px;--awb-border-radius-top-right:0px;--awb-border-radius-bottom-right:0px;--awb-border-radius-bottom-left:0px;--awb-background-color:#ffffff;--awb-flex-wrap:wrap;\" ><div class=\"fusion-builder-row fusion-row fusion-flex-align-items-flex-start fusion-flex-content-wrap\" style=\"max-width:1216.8px;margin-left: calc(-4% \/ 2 );margin-right: calc(-4% \/ 2 );\"><div class=\"fusion-layout-column fusion_builder_column fusion-builder-column-2 fusion_builder_column_1_1 1_1 fusion-flex-column\" style=\"--awb-bg-size:cover;--awb-width-large:100%;--awb-margin-top-large:0px;--awb-spacing-right-large:1.92%;--awb-margin-bottom-large:20px;--awb-spacing-left-large:1.92%;--awb-width-medium:100%;--awb-order-medium:0;--awb-spacing-right-medium:1.92%;--awb-spacing-left-medium:1.92%;--awb-width-small:100%;--awb-order-small:0;--awb-spacing-right-small:1.92%;--awb-spacing-left-small:1.92%;\"><div class=\"fusion-column-wrapper fusion-column-has-shadow fusion-flex-justify-content-flex-start fusion-content-layout-column\"><div class=\"fusion-title title fusion-title-3 fusion-sep-none fusion-title-center fusion-title-text fusion-title-size-one\"><h1 class=\"fusion-title-heading title-heading-center\" style=\"margin:0;\"><h1>DICHIARAZIONE DI CONFORMIT\u00c0 CE<\/h1><\/h1><\/div><div class=\"fusion-separator\" style=\"align-self: center;margin-left: auto;margin-right: auto;margin-top:0px;margin-bottom:20px;width:100%;max-width:60px;\"><div class=\"fusion-separator-border sep-single sep-solid\" style=\"--awb-height:20px;--awb-amount:20px;--awb-sep-color:#ee6c00;border-color:#ee6c00;border-top-width:4px;\"><\/div><\/div><div class=\"fusion-text fusion-text-2\"><p style=\"text-align: center;\">Riferita a EC Low Voltage Directive 73\/23\/CEE<\/p>\n<p style=\"text-align: center;\">Si certifica che i motori della serie ULTRACT e LYRA sono progettati, costruiti e testati in conformit\u00e0 alla EC Low Voltage Directive 73\/23\/CEE sotto la responsabilit\u00e0 di:<\/p>\n<p style=\"text-align: center;\">R.C.V. s.r.l.<br \/>\nV. Cavour, 7 z.i.<br \/>\n10070 ROBASSOMERO (TO)<\/p>\n<p style=\"text-align: center;\">Gli standard applicati sono i seguenti:<\/p>\n<p style=\"text-align: center;\">IEC 72\/1, 34\/1, 34\/5, 34\/11<br \/>\nEN 60034 &#8211; 1 + VAR A1 + VAR A2<br \/>\nEN 60529<br \/>\nEN 50262<br \/>\nCEE 73\/23<\/p>\n<\/div><\/div><\/div><\/div><\/div><div class=\"fusion-fullwidth fullwidth-box fusion-builder-row-4 fusion-flex-container nonhundred-percent-fullwidth non-hundred-percent-height-scrolling\" style=\"--awb-background-position:left top;--awb-border-sizes-top:0px;--awb-border-sizes-bottom:0px;--awb-border-sizes-left:0px;--awb-border-sizes-right:0px;--awb-border-radius-top-left:0px;--awb-border-radius-top-right:0px;--awb-border-radius-bottom-right:0px;--awb-border-radius-bottom-left:0px;--awb-padding-top:72px;--awb-padding-bottom:52px;--awb-background-color:#929799;--awb-flex-wrap:wrap;\" ><div class=\"fusion-builder-row fusion-row fusion-flex-align-items-stretch fusion-flex-content-wrap\" style=\"max-width:1216.8px;margin-left: calc(-4% \/ 2 );margin-right: calc(-4% \/ 2 );\"><div class=\"fusion-layout-column fusion_builder_column fusion-builder-column-3 fusion_builder_column_3_4 3_4 fusion-flex-column\" style=\"--awb-bg-size:cover;--awb-width-large:75%;--awb-margin-top-large:0px;--awb-spacing-right-large:3.84%;--awb-margin-bottom-large:20px;--awb-spacing-left-large:2.56%;--awb-width-medium:100%;--awb-spacing-right-medium:1.92%;--awb-spacing-left-medium:1.92%;--awb-width-small:100%;--awb-spacing-right-small:1.92%;--awb-spacing-left-small:1.92%;\"><div class=\"fusion-column-wrapper fusion-flex-justify-content-flex-start fusion-content-layout-column\"><div class=\"fusion-separator fusion-full-width-sep\" style=\"align-self: center;margin-left: auto;margin-right: auto;margin-top:10px;width:100%;\"><\/div><div class=\"fusion-title title fusion-title-4 fusion-sep-none fusion-title-center fusion-title-text fusion-title-size-two\" style=\"--awb-text-color:#ffffff;\"><h2 class=\"fusion-title-heading title-heading-center\" style=\"margin:0;\">HAI BISOGNO DI INFORMAZIONI ?<\/h2><\/div><\/div><\/div><div class=\"fusion-layout-column fusion_builder_column fusion-builder-column-4 fusion_builder_column_1_4 1_4 fusion-flex-column\" style=\"--awb-bg-size:cover;--awb-width-large:25%;--awb-margin-top-large:0px;--awb-spacing-right-large:7.68%;--awb-margin-bottom-large:20px;--awb-spacing-left-large:3.84%;--awb-width-medium:100%;--awb-spacing-right-medium:1.92%;--awb-spacing-left-medium:1.92%;--awb-width-small:100%;--awb-spacing-right-small:1.92%;--awb-spacing-left-small:1.92%;\"><div class=\"fusion-column-wrapper fusion-flex-justify-content-flex-start fusion-content-layout-column\"><div style=\"text-align:left;\"><a class=\"fusion-button button-flat button-xlarge button-custom fusion-button-default button-1 fusion-button-default-span \" style=\"--button_accent_color:#ffffff;--button_accent_hover_color:#ffffff;--button_border_hover_color:#ffffff;--button_border_width-top:0px;--button_border_width-right:0px;--button_border_width-bottom:0px;--button_border_width-left:0px;--button_gradient_top_color:#ed6a00;--button_gradient_bottom_color:#ed6a00;--button_gradient_top_color_hover:#ed8f42;--button_gradient_bottom_color_hover:#ed8f42;\" target=\"_self\" href=\"#\" data-toggle=\"modal\" data-target=\".fusion-modal.expert\"><span class=\"fusion-button-text\">CONTATTACI<\/span><\/a><\/div><\/div><\/div><\/div><\/div><div class=\"fusion-bg-parallax\" data-bg-align=\"center center\" data-direction=\"up\" data-mute=\"false\" data-opacity=\"100\" data-velocity=\"-0.5\" data-mobile-enabled=\"false\" data-break_parents=\"0\" data-bg-image=\"https:\/\/www.rcv-srl.it\/wp-content\/uploads\/2015\/02\/where-we-work-parallax.jpg\" data-bg-repeat=\"false\" ><\/div><div class=\"fusion-fullwidth fullwidth-box fusion-builder-row-5 fusion-flex-container fusion-parallax-up nonhundred-percent-fullwidth non-hundred-percent-height-scrolling\" style=\"--awb-border-sizes-top:0px;--awb-border-sizes-bottom:0px;--awb-border-sizes-left:0px;--awb-border-sizes-right:0px;--awb-border-radius-top-left:0px;--awb-border-radius-top-right:0px;--awb-border-radius-bottom-right:0px;--awb-border-radius-bottom-left:0px;--awb-padding-top:150px;--awb-padding-bottom:160px;--awb-background-image:url(&quot;https:\/\/www.rcv-srl.it\/wp-content\/uploads\/2015\/02\/where-we-work-parallax.jpg&quot;);--awb-background-size:cover;--awb-flex-wrap:wrap;\" ><div class=\"fusion-builder-row fusion-row fusion-flex-align-items-flex-start fusion-flex-justify-content-center fusion-flex-content-wrap\" style=\"max-width:1216.8px;margin-left: calc(-4% \/ 2 );margin-right: calc(-4% \/ 2 );\"><div class=\"fusion-layout-column fusion_builder_column fusion-builder-column-5 fusion_builder_column_1_1 1_1 fusion-flex-column fusion-flex-align-self-flex-start fusion-column-no-min-height\" style=\"--awb-bg-size:cover;--awb-width-large:100%;--awb-margin-top-large:0px;--awb-spacing-right-large:1.92%;--awb-margin-bottom-large:0px;--awb-spacing-left-large:1.92%;--awb-width-medium:100%;--awb-spacing-right-medium:1.92%;--awb-spacing-left-medium:1.92%;--awb-width-small:100%;--awb-spacing-right-small:1.92%;--awb-spacing-left-small:1.92%;\"><div class=\"fusion-column-wrapper fusion-flex-justify-content-flex-start fusion-content-layout-column\"><div class=\"fusion-title title fusion-title-5 fusion-sep-none fusion-title-center fusion-title-text fusion-title-size-two\" style=\"--awb-text-color:#ffffff;--awb-margin-bottom:30px;--awb-margin-bottom-small:30px;\"><h2 class=\"fusion-title-heading title-heading-center\" style=\"margin:0;\">COME RAGGIUNGERCI<\/h2><\/div><div class=\"fusion-separator\" style=\"align-self: center;margin-left: auto;margin-right: auto;margin-top:10px;margin-bottom:30px;width:100%;max-width:170px;\"><div class=\"fusion-separator-border sep-single sep-solid\" style=\"--awb-height:20px;--awb-amount:20px;--awb-sep-color:#ed6a00;border-color:#ed6a00;border-top-width:1px;\"><\/div><\/div><\/div><\/div><div class=\"fusion-layout-column fusion_builder_column fusion-builder-column-6 fusion_builder_column_1_1 1_1 fusion-flex-column\" style=\"--awb-bg-size:cover;--awb-width-large:100%;--awb-margin-top-large:0px;--awb-spacing-right-large:1.92%;--awb-margin-bottom-large:20px;--awb-spacing-left-large:1.92%;--awb-width-medium:100%;--awb-order-medium:0;--awb-spacing-right-medium:1.92%;--awb-spacing-left-medium:1.92%;--awb-width-small:100%;--awb-order-small:0;--awb-spacing-right-small:1.92%;--awb-spacing-left-small:1.92%;\"><div class=\"fusion-column-wrapper fusion-column-has-shadow fusion-flex-justify-content-flex-start fusion-content-layout-column\"><div class=\"fusion-text fusion-text-3\"><p style=\"text-align: center; color: #ffffff; font-weight: 400;\">a RobassomeroLa R.C.V. ha sede nella zona industriale di Robassomero, comune della seconda cintura di Torino.<\/p>\n<p style=\"text-align: center; color: #ffffff; font-weight: 400;\">Arrivando dalle autostrade di Aosta (A5) e di Milano (A4) occorre imboccare la tangenziale di Torino in direzione sud, arrivando dal Frejus (A32), da Piacenza (A21) o da Savona (A6) occorre dirigersi verso nord.<\/p>\n<p style=\"text-align: center; color: #ffffff; font-weight: 400;\">Uscire a &#8220;Venaria &#8211; stadio&#8221; e svoltare al semaforo a sinistra, direzione Lanzo.<\/p>\n<p style=\"text-align: center; color: #ffffff; font-weight: 400;\">Attraversare l&#8217;abitato di Venaria e percorrere la S.P. N\u00b0 1 per circa 8 km, si costeggia il muro perimetrale del Parco Regionale della Mandria, fino al semaforo della zona industriale di Robassomero.<\/p>\n<p style=\"text-align: center; color: #ffffff; font-weight: 400;\">Svoltare a destra, quindi alla prima via nuovamente a destra, questa \u00e8 v. Cavour.<\/p>\n<\/div><\/div><\/div><\/div><\/div><\/p>\n","protected":false},"excerpt":{"rendered":"","protected":false},"author":1,"featured_media":0,"parent":0,"menu_order":0,"comment_status":"closed","ping_status":"closed","template":"100-width.php","meta":{"footnotes":""},"class_list":["post-1328","page","type-page","status-publish","hentry"],"_links":{"self":[{"href":"https:\/\/www.rcv-srl.it\/index.php?rest_route=\/wp\/v2\/pages\/1328","targetHints":{"allow":["GET"]}}],"collection":[{"href":"https:\/\/www.rcv-srl.it\/index.php?rest_route=\/wp\/v2\/pages"}],"about":[{"href":"https:\/\/www.rcv-srl.it\/index.php?rest_route=\/wp\/v2\/types\/page"}],"author":[{"embeddable":true,"href":"https:\/\/www.rcv-srl.it\/index.php?rest_route=\/wp\/v2\/users\/1"}],"replies":[{"embeddable":true,"href":"https:\/\/www.rcv-srl.it\/index.php?rest_route=%2Fwp%2Fv2%2Fcomments&post=1328"}],"version-history":[{"count":10,"href":"https:\/\/www.rcv-srl.it\/index.php?rest_route=\/wp\/v2\/pages\/1328\/revisions"}],"predecessor-version":[{"id":1339,"href":"https:\/\/www.rcv-srl.it\/index.php?rest_route=\/wp\/v2\/pages\/1328\/revisions\/1339"}],"wp:attachment":[{"href":"https:\/\/www.rcv-srl.it\/index.php?rest_route=%2Fwp%2Fv2%2Fmedia&parent=1328"}],"curies":[{"name":"wp","href":"https:\/\/api.w.org\/{rel}","templated":true}]}}