{"id":1343,"date":"2021-01-04T12:11:13","date_gmt":"2021-01-04T12:11:13","guid":{"rendered":"https:\/\/www.rcv-srl.it\/?page_id=1343"},"modified":"2021-01-04T12:11:35","modified_gmt":"2021-01-04T12:11:35","slug":"i-motori-coppia","status":"publish","type":"page","link":"https:\/\/www.rcv-srl.it\/?page_id=1343","title":{"rendered":"I Motori Coppia"},"content":{"rendered":"<p><div class=\"fusion-fullwidth fullwidth-box fusion-builder-row-1 fusion-flex-container hundred-percent-fullwidth non-hundred-percent-height-scrolling\" style=\"--awb-border-radius-top-left:0px;--awb-border-radius-top-right:0px;--awb-border-radius-bottom-right:0px;--awb-border-radius-bottom-left:0px;--awb-background-color:#ee6c00;--awb-flex-wrap:wrap;\" ><div class=\"fusion-builder-row fusion-row fusion-flex-align-items-flex-start fusion-flex-content-wrap\" style=\"width:104% !important;max-width:104% !important;margin-left: calc(-4% \/ 2 );margin-right: calc(-4% \/ 2 );\"><div class=\"fusion-layout-column fusion_builder_column fusion-builder-column-0 fusion_builder_column_1_1 1_1 fusion-flex-column\" style=\"--awb-bg-size:cover;--awb-width-large:100%;--awb-margin-top-large:0px;--awb-spacing-right-large:1.92%;--awb-margin-bottom-large:20px;--awb-spacing-left-large:1.92%;--awb-width-medium:100%;--awb-order-medium:0;--awb-spacing-right-medium:1.92%;--awb-spacing-left-medium:1.92%;--awb-width-small:100%;--awb-order-small:0;--awb-spacing-right-small:1.92%;--awb-spacing-left-small:1.92%;\"><div class=\"fusion-column-wrapper fusion-column-has-shadow fusion-flex-justify-content-flex-start fusion-content-layout-column\"><\/div><\/div><\/div><\/div><div class=\"fusion-fullwidth fullwidth-box fusion-builder-row-2 fusion-flex-container nonhundred-percent-fullwidth non-hundred-percent-height-scrolling\" style=\"--awb-background-position:left top;--awb-border-sizes-top:0px;--awb-border-sizes-bottom:0px;--awb-border-sizes-left:0px;--awb-border-sizes-right:0px;--awb-border-radius-top-left:0px;--awb-border-radius-top-right:0px;--awb-border-radius-bottom-right:0px;--awb-border-radius-bottom-left:0px;--awb-padding-top:90px;--awb-padding-bottom:90px;--awb-padding-top-medium:72px;--awb-padding-bottom-medium:56px;--awb-background-color:#f5f5f5;--awb-flex-wrap:wrap;\" ><div class=\"fusion-builder-row fusion-row fusion-flex-align-items-stretch fusion-flex-content-wrap\" style=\"max-width:calc( 1170px + 0px );margin-left: calc(-0px \/ 2 );margin-right: calc(-0px \/ 2 );\"><div class=\"fusion-layout-column fusion_builder_column fusion-builder-column-1 fusion_builder_column_1_1 1_1 fusion-flex-column fusion-flex-align-self-flex-start fusion-column-no-min-height\" style=\"--awb-bg-size:cover;--awb-width-large:100%;--awb-margin-top-large:0px;--awb-spacing-right-large:0px;--awb-margin-bottom-large:0px;--awb-spacing-left-large:0px;--awb-width-medium:100%;--awb-spacing-right-medium:0px;--awb-spacing-left-medium:0px;--awb-width-small:100%;--awb-spacing-right-small:0px;--awb-spacing-left-small:0px;\"><div class=\"fusion-column-wrapper fusion-flex-justify-content-flex-start fusion-content-layout-column\"><div class=\"fusion-title title fusion-title-1 fusion-sep-none fusion-title-center fusion-title-text fusion-title-size-one\"><h1 class=\"fusion-title-heading title-heading-center\" style=\"margin:0;\"><h1>I MOTORI COPPIA BRUSHLESS A BASSA VELOCITA&#8217;<\/h1><\/h1><\/div><div class=\"fusion-separator\" style=\"align-self: center;margin-left: auto;margin-right: auto;margin-top:0px;margin-bottom:20px;width:100%;max-width:60px;\"><div class=\"fusion-separator-border sep-single sep-solid\" style=\"--awb-height:20px;--awb-amount:20px;--awb-sep-color:#ee6c00;border-color:#ee6c00;border-top-width:4px;\"><\/div><\/div><div class=\"fusion-text fusion-text-1\"><p>La vera rivoluzione del brushless \u00e8 rendere possibile l&#8217;esecuzione di un motore elettrico, molto potente a basse velocit\u00e0, in presa diretta senza riduttore. Siamo nell&#8217;era dei &#8220;motori coppia&#8221;.<\/p>\n<p>Una delle pi\u00f9 interessanti possibilit\u00e0 offerte dalle seri<strong>e ULTRACT &#8211; RULLACT<\/strong>\u00a0e\u00a0<strong>LYRA<\/strong>\u00a0di\u00a0<strong>R.C.V.<\/strong>\u00a0\u00e8 quella di realizzare ogni motore con avvolgimento speciale dedicato ad applicazioni a bassa velocit\u00e0, in presa diretta senza riduttore.<\/p>\n<p>L&#8217;eliminazione di uno stadio di riduzione dalla catena cinematica di trasmissione \u00e8 un fattore sempre positivo in quanto permette di limitare i giochi e l&#8217;elasticit\u00e0 del sistema. Questo obbiettivo per\u00f2 \u00e8 reso difficile dalla necessit\u00e0 di mantenere una coppia elevata, di movimento uniforme a bassa velocit\u00e0 ed una rigidit\u00e0 dell&#8217;asse. La realizzazione di questi nuovi brushless consente di pilotare motori ad alta coppia, il cui costo per Nm \u00e8 abbastanza contenuto, in quanto si possono utilizzare azionamenti di piccola dimensione, paragonabili a quelli che servono per i motori con riduttore.<\/p>\n<p>I\u00a0<strong>motori coppia<\/strong>, o motori a bassa velocit\u00e0, sono motori standard realizzati con avvolgimenti particolari con costanti Ke e Kt elevate. Per comprendere appieno le potenzialit\u00e0, si consideri un motore brushless &#8220;ideale&#8221; con rendimento pari ad 1 e cos = 1 (in pratica buone approssimazioni). In queste condizioni, poich\u00e9 il motore \u00e8 a magneti permanenti e quindi in campo costante, la tensione ai capi del motore \u00e8 proporzionale alla velocit\u00e0 tramite la costante Ke:<\/p>\n<p>1.<\/p>\n<p><img decoding=\"async\" class=\"alignnone size-full wp-image-1344\" src=\"https:\/\/www.rcv-srl.it\/wp-content\/uploads\/2021\/01\/calcolo-1.jpg\" alt=\"\" width=\"84\" height=\"18\" \/><\/p>\n<p>mentre la coppia del motore \u00e8 proporzionale alla corrente tramite la costante Kt:<\/p>\n<p>2.<\/p>\n<p><img decoding=\"async\" class=\"alignnone size-full wp-image-1345\" src=\"https:\/\/www.rcv-srl.it\/wp-content\/uploads\/2021\/01\/calcolo-2.jpg\" alt=\"\" width=\"69\" height=\"18\" srcset=\"https:\/\/www.rcv-srl.it\/wp-content\/uploads\/2021\/01\/calcolo-2-66x18.jpg 66w, https:\/\/www.rcv-srl.it\/wp-content\/uploads\/2021\/01\/calcolo-2.jpg 69w\" sizes=\"(max-width: 69px) 100vw, 69px\" \/><\/p>\n<p>Se per\u00f2 si considera che la potenza elettrica assorbita dal motore deve essere pari alla potenza resa all&#8217;asse, si avr\u00e0:<\/p>\n<p>3.<\/p>\n<p><img decoding=\"async\" class=\"alignnone size-full wp-image-1346\" src=\"https:\/\/www.rcv-srl.it\/wp-content\/uploads\/2021\/01\/calcolo-3.jpg\" alt=\"\" width=\"129\" height=\"31\" \/><\/p>\n<p>Se sostituiamo quindi 1 e 2 nella 3, si ottiene:<\/p>\n<p><img decoding=\"async\" class=\"alignnone size-full wp-image-1352\" src=\"https:\/\/www.rcv-srl.it\/wp-content\/uploads\/2021\/01\/wk-calcolo.jpg\" alt=\"\" width=\"181\" height=\"34\" srcset=\"https:\/\/www.rcv-srl.it\/wp-content\/uploads\/2021\/01\/wk-calcolo-177x34.jpg 177w, https:\/\/www.rcv-srl.it\/wp-content\/uploads\/2021\/01\/wk-calcolo.jpg 181w\" sizes=\"(max-width: 181px) 100vw, 181px\" \/><\/p>\n<p>che semplificando diventa:<\/p>\n<p><img decoding=\"async\" class=\"alignnone size-full wp-image-1353\" src=\"https:\/\/www.rcv-srl.it\/wp-content\/uploads\/2021\/01\/calcolo-5.jpg\" alt=\"\" width=\"99\" height=\"33\" \/><\/p>\n<p><strong>La costante di tensione e la costante di coppia del motore sono quindi intrinsecamente legate. La scelta del Ke in fase di progetto del motore, \u00e8 sempre tale che alla massima velocit\u00e0 utile<\/strong><\/p>\n<p><img decoding=\"async\" class=\"alignnone size-full wp-image-1354\" src=\"https:\/\/www.rcv-srl.it\/wp-content\/uploads\/2021\/01\/calcolo-6.jpg\" alt=\"\" width=\"249\" height=\"19\" srcset=\"https:\/\/www.rcv-srl.it\/wp-content\/uploads\/2021\/01\/calcolo-6-200x15.jpg 200w, https:\/\/www.rcv-srl.it\/wp-content\/uploads\/2021\/01\/calcolo-6.jpg 249w\" sizes=\"(max-width: 249px) 100vw, 249px\" \/><\/p>\n<p>Ne consegue quindi che, se un motore \u00e8 limitalo per esempio a 30 rad\/sec (~300 r.p.m.), invece dei classici 314 rad\/sec (3000 r.p.m.), sar\u00e0 possibile realizzarlo con un Ke proporzionalmente maggiore e cio\u00e8 di circa\u00a0<strong>10 volte superiore al Ke del motore standard<\/strong>: la stessa proporzione si applica intrinsecamente alla costante di coppia, cos\u00ec che un motore di questo tipo, con avvolgimento speciale, arriva ad avere\u00a0<strong>prestazioni eccezionalmente elevate.<\/strong><\/p>\n<p>A titolo di esempio, un motore UL1007, limitato a 300 r.p.m., avr\u00e0 una costante di coppia di ~17NmA e pu\u00f2 quindi erogare 100Nm con soli 6A. L&#8217;utilizzo di motori coppia permette di pilotare grandi motori con piccoli azionamenti, in conclusione:<br \/>\n<em>l&#8217;eliminazione di un eventuale riduttore comporta l&#8217;adozione di un motore capace della coppia richiesta dall&#8217;albero lento (quindi un motore pi\u00f9 grande) ma non comporta anche un sovradimensionamento dell&#8217;elettronica.<\/em><\/p>\n<p>Per eliminare i riduttori ed usufruire dei relativi vantaggi, occorre per prima cosa accertare se il motore che risulta adeguato alla coppia richiesta dall&#8217;albero lento sia di costo vantaggioso rispetto all&#8217;applicazione che si desidera abbandonare. Questa condizione si verifica in rapporti di riduzione fino a 1:10.<\/p>\n<p>Consigliamo ancora di verificare i seguenti due parametri:<\/p>\n<p><strong>UNIFORMITA&#8217; DI ROTAZIONE E VELOCITA&#8217; MINIMA<\/strong><\/p>\n<p>Un motore brushless opera correttamente anche a bassissima velocit\u00e0.<em>\u00a0La velocit\u00e0 minima ottenibile \u00e8 definita solamente dalla risoluzione del sensore di posizionamento utilizzato:<\/em>\u00a0con encoder std a 4096 impulsi\/giro si risolvono 16000 posizioni per giro e la rotazione \u00e8 uniforme ben al di sotto di 1 r.p.m. In generale, la velocit\u00e0 minima a cui la rotazione \u00e8 perfettamente uniforme \u00e8 quella in cui la frequenza dell&#8217;encoder supera la banda passante del sistema, tipicamente 30-50Hz.<\/p>\n<p><strong>INERZIA E RIGIDITA&#8217; DEL SISTEMA<\/strong><\/p>\n<p>Ogni sistema dotato di riduttore riflette al carico l&#8217;inerzia del motore moltiplicata per il quadrato del rapporto di trasmissione. Di conseguenza quando si elimina il riduttore<em>\u00a0si riduce drasticamente l&#8217;inerzia del sistema.<\/em>\u00a0Questo pu\u00f2 essere estremamente vantaggioso per tutti i casi in cui la componente inerziale del carico \u00e8 dominante.<br \/>\nLo stesso fenomeno pu\u00f2 per contro essere un limite dove l&#8217;inerzia del sistema veniva utilizzata per assorbire carichi impulsivi. Senza inerzia, tali variazioni del carico devono essere compensate dalla velocit\u00e0 di retroazione dell&#8217;azionamento elettronico. E&#8217; quindi indispensabile che l&#8217;azionamento possa funzionare con la pi\u00f9 alta banda passante possibile e che il carico sia collegato al motore senza gioco, a mezzo di calettatori o con interferenza (non con chiavetta).<br \/>\nIn generale la rigidit\u00e0 del motore \u00e8 elevata fino alla frequenza di taglio del sistema, tipicamente 30-50Hz, per poi calare sino ad essere determinata solo dalle inerzie in gioco a frequenze superiori.<\/p>\n<\/div><\/div><\/div><\/div><\/div><div class=\"fusion-fullwidth fullwidth-box fusion-builder-row-3 fusion-flex-container nonhundred-percent-fullwidth non-hundred-percent-height-scrolling\" style=\"--awb-border-radius-top-left:0px;--awb-border-radius-top-right:0px;--awb-border-radius-bottom-right:0px;--awb-border-radius-bottom-left:0px;--awb-background-color:#ffffff;--awb-flex-wrap:wrap;\" ><div class=\"fusion-builder-row fusion-row fusion-flex-align-items-flex-start fusion-flex-content-wrap\" style=\"max-width:1216.8px;margin-left: calc(-4% \/ 2 );margin-right: calc(-4% \/ 2 );\"><div class=\"fusion-layout-column fusion_builder_column fusion-builder-column-2 fusion_builder_column_1_1 1_1 fusion-flex-column\" style=\"--awb-bg-size:cover;--awb-width-large:100%;--awb-margin-top-large:0px;--awb-spacing-right-large:1.92%;--awb-margin-bottom-large:20px;--awb-spacing-left-large:1.92%;--awb-width-medium:100%;--awb-order-medium:0;--awb-spacing-right-medium:1.92%;--awb-spacing-left-medium:1.92%;--awb-width-small:100%;--awb-order-small:0;--awb-spacing-right-small:1.92%;--awb-spacing-left-small:1.92%;\"><div class=\"fusion-column-wrapper fusion-column-has-shadow fusion-flex-justify-content-flex-start fusion-content-layout-column\"><div class=\"fusion-title title fusion-title-2 fusion-sep-none fusion-title-center fusion-title-text fusion-title-size-one\"><h1 class=\"fusion-title-heading title-heading-center\" style=\"margin:0;\"><h1>DICHIARAZIONE DI CONFORMIT\u00c0 CE<\/h1><\/h1><\/div><div class=\"fusion-separator\" style=\"align-self: center;margin-left: auto;margin-right: auto;margin-top:0px;margin-bottom:20px;width:100%;max-width:60px;\"><div class=\"fusion-separator-border sep-single sep-solid\" style=\"--awb-height:20px;--awb-amount:20px;--awb-sep-color:#ee6c00;border-color:#ee6c00;border-top-width:4px;\"><\/div><\/div><div class=\"fusion-text fusion-text-2\"><p style=\"text-align: center;\">Riferita a EC Low Voltage Directive 73\/23\/CEE<\/p>\n<p style=\"text-align: center;\">Si certifica che i motori della serie ULTRACT e LYRA sono progettati, costruiti e testati in conformit\u00e0 alla EC Low Voltage Directive 73\/23\/CEE sotto la responsabilit\u00e0 di:<\/p>\n<p style=\"text-align: center;\">R.C.V. s.r.l.<br \/>\nV. Cavour, 7 z.i.<br \/>\n10070 ROBASSOMERO (TO)<\/p>\n<p style=\"text-align: center;\">Gli standard applicati sono i seguenti:<\/p>\n<p style=\"text-align: center;\">IEC 72\/1, 34\/1, 34\/5, 34\/11<br \/>\nEN 60034 &#8211; 1 + VAR A1 + VAR A2<br \/>\nEN 60529<br \/>\nEN 50262<br \/>\nCEE 73\/23<\/p>\n<\/div><\/div><\/div><\/div><\/div><div class=\"fusion-fullwidth fullwidth-box fusion-builder-row-4 fusion-flex-container nonhundred-percent-fullwidth non-hundred-percent-height-scrolling\" style=\"--awb-background-position:left top;--awb-border-sizes-top:0px;--awb-border-sizes-bottom:0px;--awb-border-sizes-left:0px;--awb-border-sizes-right:0px;--awb-border-radius-top-left:0px;--awb-border-radius-top-right:0px;--awb-border-radius-bottom-right:0px;--awb-border-radius-bottom-left:0px;--awb-padding-top:72px;--awb-padding-bottom:52px;--awb-background-color:#929799;--awb-flex-wrap:wrap;\" ><div class=\"fusion-builder-row fusion-row fusion-flex-align-items-stretch fusion-flex-content-wrap\" style=\"max-width:1216.8px;margin-left: calc(-4% \/ 2 );margin-right: calc(-4% \/ 2 );\"><div class=\"fusion-layout-column fusion_builder_column fusion-builder-column-3 fusion_builder_column_3_4 3_4 fusion-flex-column\" style=\"--awb-bg-size:cover;--awb-width-large:75%;--awb-margin-top-large:0px;--awb-spacing-right-large:3.84%;--awb-margin-bottom-large:20px;--awb-spacing-left-large:2.56%;--awb-width-medium:100%;--awb-spacing-right-medium:1.92%;--awb-spacing-left-medium:1.92%;--awb-width-small:100%;--awb-spacing-right-small:1.92%;--awb-spacing-left-small:1.92%;\"><div class=\"fusion-column-wrapper fusion-flex-justify-content-flex-start fusion-content-layout-column\"><div class=\"fusion-separator fusion-full-width-sep\" style=\"align-self: center;margin-left: auto;margin-right: auto;margin-top:10px;width:100%;\"><\/div><div class=\"fusion-title title fusion-title-3 fusion-sep-none fusion-title-center fusion-title-text fusion-title-size-two\" style=\"--awb-text-color:#ffffff;\"><h2 class=\"fusion-title-heading title-heading-center\" style=\"margin:0;\">HAI BISOGNO DI INFORMAZIONI ?<\/h2><\/div><\/div><\/div><div class=\"fusion-layout-column fusion_builder_column fusion-builder-column-4 fusion_builder_column_1_4 1_4 fusion-flex-column\" style=\"--awb-bg-size:cover;--awb-width-large:25%;--awb-margin-top-large:0px;--awb-spacing-right-large:7.68%;--awb-margin-bottom-large:20px;--awb-spacing-left-large:3.84%;--awb-width-medium:100%;--awb-spacing-right-medium:1.92%;--awb-spacing-left-medium:1.92%;--awb-width-small:100%;--awb-spacing-right-small:1.92%;--awb-spacing-left-small:1.92%;\"><div class=\"fusion-column-wrapper fusion-flex-justify-content-flex-start fusion-content-layout-column\"><div style=\"text-align:left;\"><a class=\"fusion-button button-flat button-xlarge button-custom fusion-button-default button-1 fusion-button-default-span \" style=\"--button_accent_color:#ffffff;--button_accent_hover_color:#ffffff;--button_border_hover_color:#ffffff;--button_border_width-top:0px;--button_border_width-right:0px;--button_border_width-bottom:0px;--button_border_width-left:0px;--button_gradient_top_color:#ed6a00;--button_gradient_bottom_color:#ed6a00;--button_gradient_top_color_hover:#ed8f42;--button_gradient_bottom_color_hover:#ed8f42;\" target=\"_self\" href=\"#\" data-toggle=\"modal\" data-target=\".fusion-modal.expert\"><span class=\"fusion-button-text\">CONTATTACI<\/span><\/a><\/div><\/div><\/div><\/div><\/div><div class=\"fusion-bg-parallax\" data-bg-align=\"center center\" data-direction=\"up\" data-mute=\"false\" data-opacity=\"100\" data-velocity=\"-0.5\" data-mobile-enabled=\"false\" data-break_parents=\"0\" data-bg-image=\"https:\/\/www.rcv-srl.it\/wp-content\/uploads\/2015\/02\/where-we-work-parallax.jpg\" data-bg-repeat=\"false\" ><\/div><div class=\"fusion-fullwidth fullwidth-box fusion-builder-row-5 fusion-flex-container fusion-parallax-up nonhundred-percent-fullwidth non-hundred-percent-height-scrolling\" style=\"--awb-border-sizes-top:0px;--awb-border-sizes-bottom:0px;--awb-border-sizes-left:0px;--awb-border-sizes-right:0px;--awb-border-radius-top-left:0px;--awb-border-radius-top-right:0px;--awb-border-radius-bottom-right:0px;--awb-border-radius-bottom-left:0px;--awb-padding-top:150px;--awb-padding-bottom:160px;--awb-background-image:url(&quot;https:\/\/www.rcv-srl.it\/wp-content\/uploads\/2015\/02\/where-we-work-parallax.jpg&quot;);--awb-background-size:cover;--awb-flex-wrap:wrap;\" ><div class=\"fusion-builder-row fusion-row fusion-flex-align-items-flex-start fusion-flex-justify-content-center fusion-flex-content-wrap\" style=\"max-width:1216.8px;margin-left: calc(-4% \/ 2 );margin-right: calc(-4% \/ 2 );\"><div class=\"fusion-layout-column fusion_builder_column fusion-builder-column-5 fusion_builder_column_1_1 1_1 fusion-flex-column fusion-flex-align-self-flex-start fusion-column-no-min-height\" style=\"--awb-bg-size:cover;--awb-width-large:100%;--awb-margin-top-large:0px;--awb-spacing-right-large:1.92%;--awb-margin-bottom-large:0px;--awb-spacing-left-large:1.92%;--awb-width-medium:100%;--awb-spacing-right-medium:1.92%;--awb-spacing-left-medium:1.92%;--awb-width-small:100%;--awb-spacing-right-small:1.92%;--awb-spacing-left-small:1.92%;\"><div class=\"fusion-column-wrapper fusion-flex-justify-content-flex-start fusion-content-layout-column\"><div class=\"fusion-title title fusion-title-4 fusion-sep-none fusion-title-center fusion-title-text fusion-title-size-two\" style=\"--awb-text-color:#ffffff;--awb-margin-bottom:30px;--awb-margin-bottom-small:30px;\"><h2 class=\"fusion-title-heading title-heading-center\" style=\"margin:0;\">COME RAGGIUNGERCI<\/h2><\/div><div class=\"fusion-separator\" style=\"align-self: center;margin-left: auto;margin-right: auto;margin-top:10px;margin-bottom:30px;width:100%;max-width:170px;\"><div class=\"fusion-separator-border sep-single sep-solid\" style=\"--awb-height:20px;--awb-amount:20px;--awb-sep-color:#ed6a00;border-color:#ed6a00;border-top-width:1px;\"><\/div><\/div><\/div><\/div><div class=\"fusion-layout-column fusion_builder_column fusion-builder-column-6 fusion_builder_column_1_1 1_1 fusion-flex-column\" style=\"--awb-bg-size:cover;--awb-width-large:100%;--awb-margin-top-large:0px;--awb-spacing-right-large:1.92%;--awb-margin-bottom-large:20px;--awb-spacing-left-large:1.92%;--awb-width-medium:100%;--awb-order-medium:0;--awb-spacing-right-medium:1.92%;--awb-spacing-left-medium:1.92%;--awb-width-small:100%;--awb-order-small:0;--awb-spacing-right-small:1.92%;--awb-spacing-left-small:1.92%;\"><div class=\"fusion-column-wrapper fusion-column-has-shadow fusion-flex-justify-content-flex-start fusion-content-layout-column\"><div class=\"fusion-text fusion-text-3\"><p style=\"text-align: center; color: #ffffff; font-weight: 400;\">a RobassomeroLa R.C.V. ha sede nella zona industriale di Robassomero, comune della seconda cintura di Torino.<\/p>\n<p style=\"text-align: center; color: #ffffff; font-weight: 400;\">Arrivando dalle autostrade di Aosta (A5) e di Milano (A4) occorre imboccare la tangenziale di Torino in direzione sud, arrivando dal Frejus (A32), da Piacenza (A21) o da Savona (A6) occorre dirigersi verso nord.<\/p>\n<p style=\"text-align: center; color: #ffffff; font-weight: 400;\">Uscire a &#8220;Venaria &#8211; stadio&#8221; e svoltare al semaforo a sinistra, direzione Lanzo.<\/p>\n<p style=\"text-align: center; color: #ffffff; font-weight: 400;\">Attraversare l&#8217;abitato di Venaria e percorrere la S.P. N\u00b0 1 per circa 8 km, si costeggia il muro perimetrale del Parco Regionale della Mandria, fino al semaforo della zona industriale di Robassomero.<\/p>\n<p style=\"text-align: center; color: #ffffff; font-weight: 400;\">Svoltare a destra, quindi alla prima via nuovamente a destra, questa \u00e8 v. Cavour.<\/p>\n<\/div><\/div><\/div><\/div><\/div><\/p>\n","protected":false},"excerpt":{"rendered":"","protected":false},"author":1,"featured_media":0,"parent":0,"menu_order":0,"comment_status":"closed","ping_status":"closed","template":"100-width.php","meta":{"footnotes":""},"class_list":["post-1343","page","type-page","status-publish","hentry"],"_links":{"self":[{"href":"https:\/\/www.rcv-srl.it\/index.php?rest_route=\/wp\/v2\/pages\/1343","targetHints":{"allow":["GET"]}}],"collection":[{"href":"https:\/\/www.rcv-srl.it\/index.php?rest_route=\/wp\/v2\/pages"}],"about":[{"href":"https:\/\/www.rcv-srl.it\/index.php?rest_route=\/wp\/v2\/types\/page"}],"author":[{"embeddable":true,"href":"https:\/\/www.rcv-srl.it\/index.php?rest_route=\/wp\/v2\/users\/1"}],"replies":[{"embeddable":true,"href":"https:\/\/www.rcv-srl.it\/index.php?rest_route=%2Fwp%2Fv2%2Fcomments&post=1343"}],"version-history":[{"count":5,"href":"https:\/\/www.rcv-srl.it\/index.php?rest_route=\/wp\/v2\/pages\/1343\/revisions"}],"predecessor-version":[{"id":1357,"href":"https:\/\/www.rcv-srl.it\/index.php?rest_route=\/wp\/v2\/pages\/1343\/revisions\/1357"}],"wp:attachment":[{"href":"https:\/\/www.rcv-srl.it\/index.php?rest_route=%2Fwp%2Fv2%2Fmedia&parent=1343"}],"curies":[{"name":"wp","href":"https:\/\/api.w.org\/{rel}","templated":true}]}}