{"id":1545,"date":"2021-01-05T12:49:00","date_gmt":"2021-01-05T12:49:00","guid":{"rendered":"https:\/\/www.rcv-srl.it\/?page_id=1545"},"modified":"2021-01-05T12:49:24","modified_gmt":"2021-01-05T12:49:24","slug":"principi-operativi-particolarita-e-limitazioni","status":"publish","type":"page","link":"https:\/\/www.rcv-srl.it\/?page_id=1545","title":{"rendered":"Principi Operativi, particolarit\u00e0 e limitazioni"},"content":{"rendered":"<p><div class=\"fusion-fullwidth fullwidth-box fusion-builder-row-1 fusion-flex-container hundred-percent-fullwidth non-hundred-percent-height-scrolling\" style=\"--awb-border-radius-top-left:0px;--awb-border-radius-top-right:0px;--awb-border-radius-bottom-right:0px;--awb-border-radius-bottom-left:0px;--awb-background-color:#ee6c00;--awb-flex-wrap:wrap;\" ><div class=\"fusion-builder-row fusion-row fusion-flex-align-items-flex-start fusion-flex-content-wrap\" style=\"width:104% !important;max-width:104% !important;margin-left: calc(-4% \/ 2 );margin-right: calc(-4% \/ 2 );\"><div class=\"fusion-layout-column fusion_builder_column fusion-builder-column-0 fusion_builder_column_1_1 1_1 fusion-flex-column\" style=\"--awb-bg-size:cover;--awb-width-large:100%;--awb-margin-top-large:0px;--awb-spacing-right-large:1.92%;--awb-margin-bottom-large:20px;--awb-spacing-left-large:1.92%;--awb-width-medium:100%;--awb-order-medium:0;--awb-spacing-right-medium:1.92%;--awb-spacing-left-medium:1.92%;--awb-width-small:100%;--awb-order-small:0;--awb-spacing-right-small:1.92%;--awb-spacing-left-small:1.92%;\"><div class=\"fusion-column-wrapper fusion-column-has-shadow fusion-flex-justify-content-flex-start fusion-content-layout-column\"><\/div><\/div><\/div><\/div><div class=\"fusion-fullwidth fullwidth-box fusion-builder-row-2 fusion-flex-container nonhundred-percent-fullwidth non-hundred-percent-height-scrolling\" style=\"--awb-background-position:left top;--awb-border-sizes-top:0px;--awb-border-sizes-bottom:0px;--awb-border-sizes-left:0px;--awb-border-sizes-right:0px;--awb-border-radius-top-left:0px;--awb-border-radius-top-right:0px;--awb-border-radius-bottom-right:0px;--awb-border-radius-bottom-left:0px;--awb-padding-top:90px;--awb-padding-bottom:90px;--awb-padding-top-medium:72px;--awb-padding-bottom-medium:56px;--awb-background-color:#f5f5f5;--awb-flex-wrap:wrap;\" ><div class=\"fusion-builder-row fusion-row fusion-flex-align-items-stretch fusion-flex-content-wrap\" style=\"max-width:calc( 1170px + 0px );margin-left: calc(-0px \/ 2 );margin-right: calc(-0px \/ 2 );\"><div class=\"fusion-layout-column fusion_builder_column fusion-builder-column-1 fusion_builder_column_1_1 1_1 fusion-flex-column fusion-flex-align-self-flex-start fusion-column-no-min-height\" style=\"--awb-bg-size:cover;--awb-width-large:100%;--awb-margin-top-large:0px;--awb-spacing-right-large:0px;--awb-margin-bottom-large:0px;--awb-spacing-left-large:0px;--awb-width-medium:100%;--awb-spacing-right-medium:0px;--awb-spacing-left-medium:0px;--awb-width-small:100%;--awb-spacing-right-small:0px;--awb-spacing-left-small:0px;\"><div class=\"fusion-column-wrapper fusion-flex-justify-content-flex-start fusion-content-layout-column\"><div class=\"fusion-title title fusion-title-1 fusion-sep-none fusion-title-center fusion-title-text fusion-title-size-one\"><h1 class=\"fusion-title-heading title-heading-center\" style=\"margin:0;\"><h1>IL SISTEMA BRUSHLESS, PRINCIPI OPERATIVI, PARTICOLARIT\u00c0 E LIMITAZIONI<\/h1><\/h1><\/div><div class=\"fusion-separator\" style=\"align-self: center;margin-left: auto;margin-right: auto;margin-top:0px;margin-bottom:20px;width:100%;max-width:60px;\"><div class=\"fusion-separator-border sep-single sep-solid\" style=\"--awb-height:20px;--awb-amount:20px;--awb-sep-color:#ee6c00;border-color:#ee6c00;border-top-width:4px;\"><\/div><\/div><\/div><\/div><div class=\"fusion-layout-column fusion_builder_column fusion-builder-column-2 fusion_builder_column_3_4 3_4 fusion-flex-column\" style=\"--awb-bg-size:cover;--awb-width-large:75%;--awb-margin-top-large:0px;--awb-spacing-right-large:0px;--awb-margin-bottom-large:20px;--awb-spacing-left-large:0px;--awb-width-medium:100%;--awb-order-medium:0;--awb-spacing-right-medium:0px;--awb-spacing-left-medium:0px;--awb-width-small:100%;--awb-order-small:0;--awb-spacing-right-small:0px;--awb-spacing-left-small:0px;\"><div class=\"fusion-column-wrapper fusion-column-has-shadow fusion-flex-justify-content-flex-start fusion-content-layout-column\"><div class=\"fusion-text fusion-text-1\"><p>Ogni azionamento brushless \u00e8 composto da un amplificatore elettronico, un motore ed almeno un sensore di rotazione. Il motore agisce esclusivamente come generatore di forza; l&#8217;effetto prodotto da tale forza viene misurato dal sensore; l&#8217;elettronica confronta l&#8217;effetto con il risultato desiderato e modifica la forza espressa dal motore per raggiungere il risultato voluto.<\/p>\n<p>Per esempio, in una applicazione in cui sia richiesta una velocit\u00e0 costante, l&#8217;elettronica aumenta gradualmente la coppia erogata dal motore sino a quando il sensore non rileva una velocit\u00e0 pari a quella richiesta. Se il carico aumenta improvvisamente, la velocit\u00e0 scende, il sensore rileva tale diminuzione e l&#8217;elettronica aumenta la coppia erogata in modo da riportare il motore alla velocit\u00e0 originalmente impostata.<br \/>\nDi conseguenza:<\/p>\n<ul>\n<li>la precisione di velocit\u00e0 \u00e8 pressoch\u00e9 indipendente dal carico e del tutto indipendente dal motore, ma dipende solo dalla qualit\u00e0 del sensore e dalle regolazioni dell&#8217;elettronica;<\/li>\n<li>il tempo impiegato per reagire a variazioni del carico dipende anch&#8217;esso in modo critico dalla velocit\u00e0 di acquisizione del segnale del sensore e dalla regolazione dell&#8217;elettronica.<\/li>\n<\/ul>\n<p>I sistemi brushless moderni possono raggiungere tempi di reazione di qualche millisecondo, e quindi offrono prestazioni elevate; molto spesso, tuttavia, tali prestazioni sono limitate proprio dai tempi di risposta meccanici del sistema; per utilizzare le nuove prestazioni \u00e8 quindi necessaria una evoluzione del progetto meccanico delle applicazioni.<\/p>\n<p>A titolo di esempio, si consideri un azionamento a velocit\u00e0 costante come quello dell&#8217;esempio precedente. Se il motore \u00e8 accoppiato al carico tramite una cinghia dentata, esiste una elasticit\u00e0 tra l&#8217;asse motore e quello del carico. Se si ipotizza che il carico abbia un&#8217;inerzia significativa, e se si analizzano i primi istanti del movimento, si pu\u00f2 immaginare la seguente sequenza:<\/p>\n<ol>\n<li>l&#8217;elettronica eroga una corrente ed il motore inizia una rotazione, caricando l&#8217;elasticit\u00e0 del sistema e quindi non movendo l&#8217;inerzia del carico;<\/li>\n<li>se l&#8217;elettronica \u00e8 veloce, gi\u00e0 in questa fase essa rileva che il motore ha raggiunto una velocit\u00e0 superiore al previsto e riduce la coppia;<\/li>\n<li>allo stesso tempo, la cinghia si tende e rallenta il motore, riducendone la velocit\u00e0;<\/li>\n<li>l&#8217;effetto combinato della riduzione della coppia e dell&#8217;accelerazione del carico attraverso la cinghia fanno s\u00ec che la tensione della cinghia scenda;<\/li>\n<li>l&#8217;elettronica nota la riduzione di velocit\u00e0 ed aumenta la coppia del motore, ricominciando un ciclo.<\/li>\n<\/ol>\n<p>Si \u00e8 quindi generato un fenomeno oscillante, in cui il motore ed il carico continuano ad accelerare e rallentare. In pratica, si osserva una vibrazione ed una elevata rumorosit\u00e0. Un osservatore superficiale attribuirebbe questo fenomeno ad un motore rumoroso; tale convinzione, poi, sarebbe rafforzata dalla scoperta che sostituendo il motore con altro di minori prestazioni, e cio\u00e8 dalla risposta pi\u00f9 lenta, la rumorosit\u00e0 viene talvolta eliminata.<\/p>\n<p><strong>Dall&#8217;analisi intuitiva di quanto sopra \u00e8 invece facile comprendere che:<\/strong><\/p>\n<ol>\n<li>il fenomeno \u00e8 da attribuire al disaccordo tra l&#8217;elasticit\u00e0 del sistema e la regolazione dell&#8217;elettronica; in pratica, il motore reagisce con una velocit\u00e0 paragonabile al tempo di reazione, o di presa di carico, della meccanica;<\/li>\n<li>le soluzioni possibili sono:<\/li>\n<\/ol>\n<ul>\n<li>ridurre l&#8217;elasticit\u00e0 del sistema, e quindi accelerare il tempo di presa di carico della meccanica, per es. sostituendo la cinghia con ingranaggi;<\/li>\n<li>rallentare il tempo di risposta del sistema motore-elettronica, rinunciando ad una quota di prestazioni possibili.<\/li>\n<\/ul>\n<p>Naturalmente la seconda soluzione degrada la qualit\u00e0 della macchina, perch\u00e9 aumenta il tempo impiegato a raggiungere la posizione o la velocit\u00e0 voluta, in altre parole riduce la capacit\u00e0 del motore di reagire a disturbi e carichi improvvisi. Si noti che motori di tecnologia inferiore, e cio\u00e8 pi\u00f9 grandi e lenti, sopperiscono alla mancanza di velocit\u00e0 con una inerzia considerevole; il motore brushless, invece, avendo inerzia ridottissima deve, almeno in certi casi, essere azionato con velocit\u00e0 sufficiente, pena un elevato degrado di prestazioni.<\/p>\n<p>Sulla linea dell&#8217;esempio esposto, \u00e8 facilmente intuibile il comportamento di un sistema brushless in presenza di giochi meccanici, per esempio una chiavetta; per questo motivo, i motori brushless di migliore qualit\u00e0 sono realizzati con albero liscio e vanno accoppiati ad interferenza per mezzo di un calettatore. I soli giunti flessibili adeguati alla dinamica, inoltre, sono quelli a soffietto metallico.<\/p>\n<p>Le considerazioni sin qui esposte conducono ad una importante osservazione:<\/p>\n<p><strong>mentre le motorizzazioni tradizionali (motori C.C. e P.M.) costituivano generalmente, con la loro inerzia, il limite alle prestazioni dinamiche del sistema azionato, le superiori prestazioni dei motori brushless fanno s\u00ec che, assai frequentemente, il limite dinamico del sistema sia determinato dalla stessa meccanica che viene azionata.<\/strong><\/p>\n<p>\u00c8 quindi molto pi\u00f9 importante che con altre motorizzazioni, capire e razionalizzare la meccanica del sistema per realizzare applicazioni efficaci.<\/p>\n<p><strong>Dall&#8217;esempio esposto si possono trarre alcune altre osservazioni:<\/strong><\/p>\n<ul>\n<li>la precisione dipende non dal motore ma dal sensore;<\/li>\n<li>la velocit\u00e0 di risposta e quindi la capacit\u00e0 di inseguire il riferimento con precisione, dipendono in modo critico dalla rigidezza della trasmissione.<\/li>\n<\/ul>\n<p>Il problema di rumorosit\u00e0 talvolta evidenziato dal sistema non dipende n\u00e9 dal motore n\u00e9 dall&#8217;elettronica, ma spesso da una meccanica grossolana e quindi inadatta alle prestazioni del brushless; in effetti, la stessa meccanica non avrebbe originato problemi con un motore pi\u00f9 lento e di tecnologia meno avanzata; il rumore del motore \u00e8 causato dalle continue accelerazioni e frenate; in queste condizioni \u00e8 altres\u00ec probabile un surriscaldamento del motore, non attribuibile ad un insufficiente dimensionamento dello stesso.<\/p>\n<p>Poich\u00e9 la dinamica del sistema \u00e8 fondamentale per il dimensionamento dei motori, \u00e8 opportuno definire la stessa in maggiore dettaglio.<\/p>\n<p><strong>La dinamica si compone di due elementi:<\/strong><\/p>\n<ul>\n<li>capacit\u00e0 di imprimere accelerazioni pi\u00f9 o meno elevate al carico, che dipende esclusivamente dal rapporto coppia\/momento d&#8217;inerzia del motore; tale caratteristica si chiama talvolta &#8220;banda passante a grandi segnali&#8221;;<\/li>\n<li>banda passante al controllo, tanto pi\u00f9 alta quanto pi\u00f9 \u00e8 ridotto il tempo impiegato dall&#8217;anello di retroazione dell&#8217;azionamento per stabilizzarsi al valore voluto. Questo parametro dipende in modo critico dalla meccanica. Per realizzare un sistema stabile non \u00e8 possibile stabilizzare l&#8217;elettronica prima di un tempo pari a 2-3 volte il tempo di smorzamento di tutte le oscillazioni proprie della meccanica del sistema azionato.<\/li>\n<\/ul>\n<p>A titolo di esempio, si supponga di voler realizzare l&#8217;asse di una roditrice, volendo operare a 10 battute al secondo in posizioni continuamente aggiornate da un controllo numerico veloce.<br \/>\nSe il sistema di trasmissione tra il motore ed il pezzo (giunto, vite, supporti ecc.) ha una frequenza di risonanza meccanica pari a 50Hz, ed oscilla quindi in un tempo di 20 millisecondi, non sar\u00e0 possibile stabilizzare il sistema in meno di 3&#215;20 msec, e cio\u00e8 60 msec. Questo lascia soltanto 40 msec. del ciclo totale per la battuta e per tutto il movimento. L&#8217;applicazione \u00e8 probabilmente impossibile, indipendentemente dal motore adottato. Se invece si perfeziona la meccanica, irrigidendo i giunti, maggiorando la vite ecc. fino a portare la frequenza di risonanza della meccanica a 100Hz, \u00e8 possibile attendersi un tempo di stabilizzazione dell&#8217;azionamento in 30 msec, lasciandone 70 per battuta e movimento. L&#8217;applicazione comincia ad essere realizzabile.<\/p>\n<\/div><\/div><\/div><div class=\"fusion-layout-column fusion_builder_column fusion-builder-column-3 fusion_builder_column_1_4 1_4 fusion-flex-column\" style=\"--awb-bg-color:#ffffff;--awb-bg-color-hover:#ffffff;--awb-bg-size:cover;--awb-width-large:25%;--awb-margin-top-large:0px;--awb-spacing-right-large:0px;--awb-margin-bottom-large:20px;--awb-spacing-left-large:0px;--awb-width-medium:100%;--awb-order-medium:0;--awb-spacing-right-medium:0px;--awb-spacing-left-medium:0px;--awb-width-small:100%;--awb-order-small:0;--awb-spacing-right-small:0px;--awb-spacing-left-small:0px;\"><div class=\"fusion-column-wrapper fusion-column-has-shadow fusion-flex-justify-content-flex-start fusion-content-layout-column\"><div class=\"fusion-separator fusion-full-width-sep\" style=\"align-self: center;margin-left: auto;margin-right: auto;margin-top:15px;margin-bottom:15px;width:100%;\"><\/div><div class=\"fusion-title title fusion-title-2 fusion-sep-none fusion-title-center fusion-title-text fusion-title-size-one\"><h1 class=\"fusion-title-heading title-heading-center\" style=\"margin:0;\"><h3 style=\"text-align: center;\"><strong>PAGINE CORRELLATE<\/strong><\/h3><\/h1><\/div><div class=\"fusion-separator\" style=\"align-self: center;margin-left: auto;margin-right: auto;margin-top:0px;margin-bottom:20px;width:100%;max-width:60px;\"><div class=\"fusion-separator-border sep-single sep-solid\" style=\"--awb-height:20px;--awb-amount:20px;--awb-sep-color:#ee6c00;border-color:#ee6c00;border-top-width:4px;\"><\/div><\/div><div class=\"fusion-text fusion-text-2\" style=\"--awb-content-alignment:center;\"><ul class=\"menu\">\n<li class=\"level1 item1 first\" style=\"text-align: left;\"><a class=\"level1 item1 first\" href=\"https:\/\/www.rcv-srl.it\/?page_id=1358\"><span class=\"bg\">Premessa<\/span><\/a><\/li>\n<li class=\"level1 item2\" style=\"text-align: left;\"><a class=\"level1 item2\" href=\"https:\/\/www.rcv-srl.it\/?page_id=1536\"><span class=\"bg\">Scelta della Trasmissione\/Azionamento<\/span><\/a><\/li>\n<li class=\"level1 item3\" style=\"text-align: left;\"><a class=\"level1 item3\" href=\"https:\/\/www.rcv-srl.it\/?page_id=1545\"><span class=\"bg\">Principi Operativi, particolarit\u00e0 e limitazioni<\/span><\/a><\/li>\n<li class=\"level1 item4\" style=\"text-align: left;\"><a class=\"level1 item4\" href=\"https:\/\/www.rcv-srl.it\/?page_id=1549\"><span class=\"bg\">Scelta del metodo e del rapporto di trasmissione<\/span><\/a><\/li>\n<li class=\"level1 item5\" style=\"text-align: left;\"><a class=\"level1 item5\" href=\"https:\/\/www.rcv-srl.it\/?page_id=1559\"><span class=\"bg\">Scelta del Metodo di Retroazione<\/span><\/a><\/li>\n<li class=\"level1 item6\" style=\"text-align: left;\"><a class=\"level1 item6\" href=\"https:\/\/www.rcv-srl.it\/?page_id=1564\"><span class=\"bg\">Verifica del dimensionamento di motore e elettroni<\/span><\/a><\/li>\n<li class=\"level1 item7 last\" style=\"text-align: left;\"><a class=\"level1 item7 last\" href=\"https:\/\/www.rcv-srl.it\/?page_id=1570\"><span class=\"bg\">Limiti Propri del Motore<\/span><\/a><\/li>\n<\/ul>\n<\/div><\/div><\/div>\n<\/div><\/div><div class=\"fusion-fullwidth fullwidth-box fusion-builder-row-3 fusion-flex-container nonhundred-percent-fullwidth non-hundred-percent-height-scrolling\" style=\"--awb-border-radius-top-left:0px;--awb-border-radius-top-right:0px;--awb-border-radius-bottom-right:0px;--awb-border-radius-bottom-left:0px;--awb-background-color:#ffffff;--awb-flex-wrap:wrap;\" ><div class=\"fusion-builder-row fusion-row fusion-flex-align-items-flex-start fusion-flex-content-wrap\" style=\"max-width:1216.8px;margin-left: calc(-4% \/ 2 );margin-right: calc(-4% \/ 2 );\"><div class=\"fusion-layout-column fusion_builder_column fusion-builder-column-4 fusion_builder_column_1_1 1_1 fusion-flex-column\" style=\"--awb-bg-size:cover;--awb-width-large:100%;--awb-margin-top-large:0px;--awb-spacing-right-large:1.92%;--awb-margin-bottom-large:20px;--awb-spacing-left-large:1.92%;--awb-width-medium:100%;--awb-order-medium:0;--awb-spacing-right-medium:1.92%;--awb-spacing-left-medium:1.92%;--awb-width-small:100%;--awb-order-small:0;--awb-spacing-right-small:1.92%;--awb-spacing-left-small:1.92%;\"><div class=\"fusion-column-wrapper fusion-column-has-shadow fusion-flex-justify-content-flex-start fusion-content-layout-column\"><div class=\"fusion-title title fusion-title-3 fusion-sep-none fusion-title-center fusion-title-text fusion-title-size-one\"><h1 class=\"fusion-title-heading title-heading-center\" style=\"margin:0;\"><h1>DICHIARAZIONE DI CONFORMIT\u00c0 CE<\/h1><\/h1><\/div><div class=\"fusion-separator\" style=\"align-self: center;margin-left: auto;margin-right: auto;margin-top:0px;margin-bottom:20px;width:100%;max-width:60px;\"><div class=\"fusion-separator-border sep-single sep-solid\" style=\"--awb-height:20px;--awb-amount:20px;--awb-sep-color:#ee6c00;border-color:#ee6c00;border-top-width:4px;\"><\/div><\/div><div class=\"fusion-text fusion-text-3\"><p style=\"text-align: center;\">Riferita a EC Low Voltage Directive 73\/23\/CEE<\/p>\n<p style=\"text-align: center;\">Si certifica che i motori della serie ULTRACT e LYRA sono progettati, costruiti e testati in conformit\u00e0 alla EC Low Voltage Directive 73\/23\/CEE sotto la responsabilit\u00e0 di:<\/p>\n<p style=\"text-align: center;\">R.C.V. s.r.l.<br \/>\nV. Cavour, 7 z.i.<br \/>\n10070 ROBASSOMERO (TO)<\/p>\n<p style=\"text-align: center;\">Gli standard applicati sono i seguenti:<\/p>\n<p style=\"text-align: center;\">IEC 72\/1, 34\/1, 34\/5, 34\/11<br \/>\nEN 60034 &#8211; 1 + VAR A1 + VAR A2<br \/>\nEN 60529<br \/>\nEN 50262<br \/>\nCEE 73\/23<\/p>\n<\/div><\/div><\/div><\/div><\/div><div class=\"fusion-fullwidth fullwidth-box fusion-builder-row-4 fusion-flex-container nonhundred-percent-fullwidth non-hundred-percent-height-scrolling\" style=\"--awb-background-position:left top;--awb-border-sizes-top:0px;--awb-border-sizes-bottom:0px;--awb-border-sizes-left:0px;--awb-border-sizes-right:0px;--awb-border-radius-top-left:0px;--awb-border-radius-top-right:0px;--awb-border-radius-bottom-right:0px;--awb-border-radius-bottom-left:0px;--awb-padding-top:72px;--awb-padding-bottom:52px;--awb-background-color:#929799;--awb-flex-wrap:wrap;\" ><div class=\"fusion-builder-row fusion-row fusion-flex-align-items-stretch fusion-flex-content-wrap\" style=\"max-width:1216.8px;margin-left: calc(-4% \/ 2 );margin-right: calc(-4% \/ 2 );\"><div class=\"fusion-layout-column fusion_builder_column fusion-builder-column-5 fusion_builder_column_3_4 3_4 fusion-flex-column\" style=\"--awb-bg-size:cover;--awb-width-large:75%;--awb-margin-top-large:0px;--awb-spacing-right-large:3.84%;--awb-margin-bottom-large:20px;--awb-spacing-left-large:2.56%;--awb-width-medium:100%;--awb-spacing-right-medium:1.92%;--awb-spacing-left-medium:1.92%;--awb-width-small:100%;--awb-spacing-right-small:1.92%;--awb-spacing-left-small:1.92%;\"><div class=\"fusion-column-wrapper fusion-flex-justify-content-flex-start fusion-content-layout-column\"><div class=\"fusion-separator fusion-full-width-sep\" style=\"align-self: center;margin-left: auto;margin-right: auto;margin-top:10px;width:100%;\"><\/div><div class=\"fusion-title title fusion-title-4 fusion-sep-none fusion-title-center fusion-title-text fusion-title-size-two\" style=\"--awb-text-color:#ffffff;\"><h2 class=\"fusion-title-heading title-heading-center\" style=\"margin:0;\">HAI BISOGNO DI INFORMAZIONI ?<\/h2><\/div><\/div><\/div><div class=\"fusion-layout-column fusion_builder_column fusion-builder-column-6 fusion_builder_column_1_4 1_4 fusion-flex-column\" style=\"--awb-bg-size:cover;--awb-width-large:25%;--awb-margin-top-large:0px;--awb-spacing-right-large:7.68%;--awb-margin-bottom-large:20px;--awb-spacing-left-large:3.84%;--awb-width-medium:100%;--awb-spacing-right-medium:1.92%;--awb-spacing-left-medium:1.92%;--awb-width-small:100%;--awb-spacing-right-small:1.92%;--awb-spacing-left-small:1.92%;\"><div class=\"fusion-column-wrapper fusion-flex-justify-content-flex-start fusion-content-layout-column\"><div style=\"text-align:left;\"><a class=\"fusion-button button-flat button-xlarge button-custom fusion-button-default button-1 fusion-button-default-span \" style=\"--button_accent_color:#ffffff;--button_accent_hover_color:#ffffff;--button_border_hover_color:#ffffff;--button_border_width-top:0px;--button_border_width-right:0px;--button_border_width-bottom:0px;--button_border_width-left:0px;--button_gradient_top_color:#ed6a00;--button_gradient_bottom_color:#ed6a00;--button_gradient_top_color_hover:#ed8f42;--button_gradient_bottom_color_hover:#ed8f42;\" target=\"_self\" href=\"#\" data-toggle=\"modal\" data-target=\".fusion-modal.expert\"><span class=\"fusion-button-text\">CONTATTACI<\/span><\/a><\/div><\/div><\/div><\/div><\/div><div class=\"fusion-bg-parallax\" data-bg-align=\"center center\" data-direction=\"up\" data-mute=\"false\" data-opacity=\"100\" data-velocity=\"-0.5\" data-mobile-enabled=\"false\" data-break_parents=\"0\" data-bg-image=\"https:\/\/www.rcv-srl.it\/wp-content\/uploads\/2015\/02\/where-we-work-parallax.jpg\" data-bg-repeat=\"false\" ><\/div><div class=\"fusion-fullwidth fullwidth-box fusion-builder-row-5 fusion-flex-container fusion-parallax-up nonhundred-percent-fullwidth non-hundred-percent-height-scrolling\" style=\"--awb-border-sizes-top:0px;--awb-border-sizes-bottom:0px;--awb-border-sizes-left:0px;--awb-border-sizes-right:0px;--awb-border-radius-top-left:0px;--awb-border-radius-top-right:0px;--awb-border-radius-bottom-right:0px;--awb-border-radius-bottom-left:0px;--awb-padding-top:150px;--awb-padding-bottom:160px;--awb-background-image:url(&quot;https:\/\/www.rcv-srl.it\/wp-content\/uploads\/2015\/02\/where-we-work-parallax.jpg&quot;);--awb-background-size:cover;--awb-flex-wrap:wrap;\" ><div class=\"fusion-builder-row fusion-row fusion-flex-align-items-flex-start fusion-flex-justify-content-center fusion-flex-content-wrap\" style=\"max-width:1216.8px;margin-left: calc(-4% \/ 2 );margin-right: calc(-4% \/ 2 );\"><div class=\"fusion-layout-column fusion_builder_column fusion-builder-column-7 fusion_builder_column_1_1 1_1 fusion-flex-column fusion-flex-align-self-flex-start fusion-column-no-min-height\" style=\"--awb-bg-size:cover;--awb-width-large:100%;--awb-margin-top-large:0px;--awb-spacing-right-large:1.92%;--awb-margin-bottom-large:0px;--awb-spacing-left-large:1.92%;--awb-width-medium:100%;--awb-spacing-right-medium:1.92%;--awb-spacing-left-medium:1.92%;--awb-width-small:100%;--awb-spacing-right-small:1.92%;--awb-spacing-left-small:1.92%;\"><div class=\"fusion-column-wrapper fusion-flex-justify-content-flex-start fusion-content-layout-column\"><div class=\"fusion-title title fusion-title-5 fusion-sep-none fusion-title-center fusion-title-text fusion-title-size-two\" style=\"--awb-text-color:#ffffff;--awb-margin-bottom:30px;--awb-margin-bottom-small:30px;\"><h2 class=\"fusion-title-heading title-heading-center\" style=\"margin:0;\">COME RAGGIUNGERCI<\/h2><\/div><div class=\"fusion-separator\" style=\"align-self: center;margin-left: auto;margin-right: auto;margin-top:10px;margin-bottom:30px;width:100%;max-width:170px;\"><div class=\"fusion-separator-border sep-single sep-solid\" style=\"--awb-height:20px;--awb-amount:20px;--awb-sep-color:#ed6a00;border-color:#ed6a00;border-top-width:1px;\"><\/div><\/div><\/div><\/div><div class=\"fusion-layout-column fusion_builder_column fusion-builder-column-8 fusion_builder_column_1_1 1_1 fusion-flex-column\" style=\"--awb-bg-size:cover;--awb-width-large:100%;--awb-margin-top-large:0px;--awb-spacing-right-large:1.92%;--awb-margin-bottom-large:20px;--awb-spacing-left-large:1.92%;--awb-width-medium:100%;--awb-order-medium:0;--awb-spacing-right-medium:1.92%;--awb-spacing-left-medium:1.92%;--awb-width-small:100%;--awb-order-small:0;--awb-spacing-right-small:1.92%;--awb-spacing-left-small:1.92%;\"><div class=\"fusion-column-wrapper fusion-column-has-shadow fusion-flex-justify-content-flex-start fusion-content-layout-column\"><div class=\"fusion-text fusion-text-4\"><p style=\"text-align: center; color: #ffffff; font-weight: 400;\">a RobassomeroLa R.C.V. ha sede nella zona industriale di Robassomero, comune della seconda cintura di Torino.<\/p>\n<p style=\"text-align: center; color: #ffffff; font-weight: 400;\">Arrivando dalle autostrade di Aosta (A5) e di Milano (A4) occorre imboccare la tangenziale di Torino in direzione sud, arrivando dal Frejus (A32), da Piacenza (A21) o da Savona (A6) occorre dirigersi verso nord.<\/p>\n<p style=\"text-align: center; color: #ffffff; font-weight: 400;\">Uscire a &#8220;Venaria &#8211; stadio&#8221; e svoltare al semaforo a sinistra, direzione Lanzo.<\/p>\n<p style=\"text-align: center; color: #ffffff; font-weight: 400;\">Attraversare l&#8217;abitato di Venaria e percorrere la S.P. N\u00b0 1 per circa 8 km, si costeggia il muro perimetrale del Parco Regionale della Mandria, fino al semaforo della zona industriale di Robassomero.<\/p>\n<p style=\"text-align: center; color: #ffffff; font-weight: 400;\">Svoltare a destra, quindi alla prima via nuovamente a destra, questa \u00e8 v. Cavour.<\/p>\n<\/div><\/div><\/div><\/div><\/div><\/p>\n","protected":false},"excerpt":{"rendered":"","protected":false},"author":1,"featured_media":0,"parent":0,"menu_order":0,"comment_status":"closed","ping_status":"closed","template":"100-width.php","meta":{"footnotes":""},"class_list":["post-1545","page","type-page","status-publish","hentry"],"_links":{"self":[{"href":"https:\/\/www.rcv-srl.it\/index.php?rest_route=\/wp\/v2\/pages\/1545","targetHints":{"allow":["GET"]}}],"collection":[{"href":"https:\/\/www.rcv-srl.it\/index.php?rest_route=\/wp\/v2\/pages"}],"about":[{"href":"https:\/\/www.rcv-srl.it\/index.php?rest_route=\/wp\/v2\/types\/page"}],"author":[{"embeddable":true,"href":"https:\/\/www.rcv-srl.it\/index.php?rest_route=\/wp\/v2\/users\/1"}],"replies":[{"embeddable":true,"href":"https:\/\/www.rcv-srl.it\/index.php?rest_route=%2Fwp%2Fv2%2Fcomments&post=1545"}],"version-history":[{"count":2,"href":"https:\/\/www.rcv-srl.it\/index.php?rest_route=\/wp\/v2\/pages\/1545\/revisions"}],"predecessor-version":[{"id":1548,"href":"https:\/\/www.rcv-srl.it\/index.php?rest_route=\/wp\/v2\/pages\/1545\/revisions\/1548"}],"wp:attachment":[{"href":"https:\/\/www.rcv-srl.it\/index.php?rest_route=%2Fwp%2Fv2%2Fmedia&parent=1545"}],"curies":[{"name":"wp","href":"https:\/\/api.w.org\/{rel}","templated":true}]}}